{"id":5571,"date":"2023-08-22T12:51:26","date_gmt":"2023-08-22T09:51:26","guid":{"rendered":"https:\/\/magmasanat.com\/?page_id=5571"},"modified":"2023-09-15T16:45:47","modified_gmt":"2023-09-15T13:45:47","slug":"magma-sanat-alani","status":"publish","type":"page","link":"https:\/\/magmasanat.com\/index.php\/magma-sanat-alani\/","title":{"rendered":"Magma Sanat Alan\u0131"},"content":{"rendered":"\t\t<div data-elementor-type=\"wp-post\" data-elementor-id=\"5571\" class=\"elementor elementor-5571\" data-elementor-post-type=\"page\">\n\t\t\t\t\t\t<section class=\"elementor-section elementor-top-section elementor-element elementor-element-60c69b7 elementor-section-full_width elementor-section-height-default elementor-section-height-default\" data-id=\"60c69b7\" data-element_type=\"section\">\n\t\t\t\t\t\t<div class=\"elementor-container elementor-column-gap-no\">\n\t\t\t\t\t<div class=\"elementor-column elementor-col-100 elementor-top-column elementor-element elementor-element-54e4136\" data-id=\"54e4136\" data-element_type=\"column\">\n\t\t\t<div class=\"elementor-widget-wrap elementor-element-populated\">\n\t\t\t\t\t\t<div class=\"elementor-element elementor-element-c2cd69d elementor-widget elementor-widget-ova_heading_page\" data-id=\"c2cd69d\" data-element_type=\"widget\" data-widget_type=\"ova_heading_page.default\">\n\t\t\t\t<div class=\"elementor-widget-container\">\n\t\t\t\n\t\t<section class=\"heading-page\" style=\"background-image: url(http:\/\/magmasanat.com\/wp-content\/uploads\/2023\/08\/banner_inner4-scaled.jpg)\" >\n\t\t\t<div class=\"container\">\n\t\t\t\t<div class=\"cta-content\">\n\t\t\t\t\t\t\t\t\t\t\t<h2 class=\"second_font\">Magma Sanat Alan\u0131<\/h2>\n\t\t\t\t\t\t\t\t\t\t\n\t\t\t\t<\/div>\n\t\t\t<\/div>\n\t\t<\/section>\n\n\t\t\t<\/div>\n\t\t\t\t<\/div>\n\t\t\t\t\t<\/div>\n\t\t<\/div>\n\t\t\t\t\t<\/div>\n\t\t<\/section>\n\t\t\t\t<section class=\"elementor-section elementor-top-section elementor-element elementor-element-7ed4831 elementor-section-boxed elementor-section-height-default elementor-section-height-default\" data-id=\"7ed4831\" data-element_type=\"section\">\n\t\t\t\t\t\t<div class=\"elementor-container elementor-column-gap-default\">\n\t\t\t\t\t<div class=\"elementor-column elementor-col-100 elementor-top-column elementor-element elementor-element-3a78424\" data-id=\"3a78424\" data-element_type=\"column\">\n\t\t\t<div class=\"elementor-widget-wrap elementor-element-populated\">\n\t\t\t\t\t\t<div class=\"elementor-element elementor-element-9fa49bb elementor-widget elementor-widget-ova_heading\" data-id=\"9fa49bb\" data-element_type=\"widget\" data-widget_type=\"ova_heading.default\">\n\t\t\t\t<div class=\"elementor-widget-container\">\n\t\t\t\t\t<div class=\"ova_heading\">\n\t\t\t\t\t\t\t<h1 class=\"heading_title second_font\">Burada G\u00f6r\u00fcn\u00fcrs\u00fcn\u00fcz...<\/h1>\n\t\t\t\t\t\t\t\t<\/div>\n\t\t\t\t<\/div>\n\t\t\t\t<\/div>\n\t\t\t\t<div class=\"elementor-element elementor-element-3f6c77a line-height-32 elementor-widget elementor-widget-text-editor\" data-id=\"3f6c77a\" data-element_type=\"widget\" data-widget_type=\"text-editor.default\">\n\t\t\t\t<div class=\"elementor-widget-container\">\n\t\t\t<style>\/*! elementor - v3.23.0 - 10-07-2024 *\/\n.elementor-widget-text-editor.elementor-drop-cap-view-stacked .elementor-drop-cap{background-color:#69727d;color:#fff}.elementor-widget-text-editor.elementor-drop-cap-view-framed .elementor-drop-cap{color:#69727d;border:3px solid;background-color:transparent}.elementor-widget-text-editor:not(.elementor-drop-cap-view-default) .elementor-drop-cap{margin-top:8px}.elementor-widget-text-editor:not(.elementor-drop-cap-view-default) .elementor-drop-cap-letter{width:1em;height:1em}.elementor-widget-text-editor .elementor-drop-cap{float:left;text-align:center;line-height:1;font-size:50px}.elementor-widget-text-editor .elementor-drop-cap-letter{display:inline-block}<\/style>\t\t\t\t<p><span style=\"color: #333333;\">Magma Sanat Alan\u0131, internet ortam\u0131nda faaliyet g\u00f6steren, sanal sergileme sistemleri ile sanatsal etkinliklerin ger\u00e7ekle\u015fmesini m\u00fcmk\u00fcn k\u0131lan bir olu\u015fumdur.&nbsp;<\/span><\/p>\t\t\t\t\t\t<\/div>\n\t\t\t\t<\/div>\n\t\t\t\t\t<\/div>\n\t\t<\/div>\n\t\t\t\t\t<\/div>\n\t\t<\/section>\n\t\t\t\t<\/div>\n\t\t","protected":false},"excerpt":{"rendered":"<p>Magma Sanat Alan\u0131 Burada G\u00f6r\u00fcn\u00fcrs\u00fcn\u00fcz&#8230; Magma Sanat Alan\u0131, internet ortam\u0131nda faaliyet g\u00f6steren, sanal sergileme sistemleri ile sanatsal etkinliklerin ger\u00e7ekle\u015fmesini m\u00fcmk\u00fcn k\u0131lan bir olu\u015fumdur.&nbsp;<\/p>\n","protected":false},"author":1,"featured_media":0,"parent":0,"menu_order":0,"comment_status":"closed","ping_status":"closed","template":"elementor_header_footer","meta":{"_eb_attr":"","om_disable_all_campaigns":false,"_uag_custom_page_level_css":"","_monsterinsights_skip_tracking":false,"_monsterinsights_sitenote_active":false,"_monsterinsights_sitenote_note":"","_monsterinsights_sitenote_category":0,"footnotes":""},"class_list":["post-5571","page","type-page","status-publish","hentry"],"aioseo_notices":[],"featured_image_src":false,"featured_image_src_square":false,"rbea_author_info":{"display_name":"magmasanat.com","author_link":"https:\/\/magmasanat.com\/index.php\/author\/magmasanat-com\/"},"rbea_excerpt_info":"Magma Sanat Alan\u0131 Burada G\u00f6r\u00fcn\u00fcrs\u00fcn\u00fcz&#8230; Magma Sanat Alan\u0131, internet ortam\u0131nda faaliyet g\u00f6steren, sanal sergileme sistemleri ile sanatsal etkinliklerin ger\u00e7ekle\u015fmesini m\u00fcmk\u00fcn k\u0131lan bir olu\u015fumdur.&nbsp;","uagb_featured_image_src":{"full":false,"thumbnail":false,"medium":false,"medium_large":false,"large":false,"1536x1536":false,"2048x2048":false,"woocommerce_thumbnail":false,"woocommerce_single":false,"woocommerce_gallery_thumbnail":false},"uagb_author_info":{"display_name":"magmasanat.com","author_link":"https:\/\/magmasanat.com\/index.php\/author\/magmasanat-com\/"},"uagb_comment_info":0,"uagb_excerpt":"Magma Sanat Alan\u0131 Burada G\u00f6r\u00fcn\u00fcrs\u00fcn\u00fcz&#8230; Magma Sanat Alan\u0131, internet ortam\u0131nda faaliyet g\u00f6steren, sanal sergileme sistemleri ile sanatsal etkinliklerin ger\u00e7ekle\u015fmesini m\u00fcmk\u00fcn k\u0131lan bir olu\u015fumdur.&nbsp;","_links":{"self":[{"href":"https:\/\/magmasanat.com\/index.php\/wp-json\/wp\/v2\/pages\/5571","targetHints":{"allow":["GET"]}}],"collection":[{"href":"https:\/\/magmasanat.com\/index.php\/wp-json\/wp\/v2\/pages"}],"about":[{"href":"https:\/\/magmasanat.com\/index.php\/wp-json\/wp\/v2\/types\/page"}],"author":[{"embeddable":true,"href":"https:\/\/magmasanat.com\/index.php\/wp-json\/wp\/v2\/users\/1"}],"replies":[{"embeddable":true,"href":"https:\/\/magmasanat.com\/index.php\/wp-json\/wp\/v2\/comments?post=5571"}],"version-history":[{"count":13,"href":"https:\/\/magmasanat.com\/index.php\/wp-json\/wp\/v2\/pages\/5571\/revisions"}],"predecessor-version":[{"id":5961,"href":"https:\/\/magmasanat.com\/index.php\/wp-json\/wp\/v2\/pages\/5571\/revisions\/5961"}],"wp:attachment":[{"href":"https:\/\/magmasanat.com\/index.php\/wp-json\/wp\/v2\/media?parent=5571"}],"curies":[{"name":"wp","href":"https:\/\/api.w.org\/{rel}","templated":true}]}}