{"id":5308,"date":"2023-08-15T12:46:45","date_gmt":"2023-08-15T09:46:45","guid":{"rendered":"https:\/\/magmasanat.com\/?page_id=5308"},"modified":"2023-08-15T12:50:24","modified_gmt":"2023-08-15T09:50:24","slug":"genel-etkinlikler","status":"publish","type":"page","link":"https:\/\/magmasanat.com\/index.php\/genel-etkinlikler\/","title":{"rendered":"Genel Etkinlikler"},"content":{"rendered":"\t\t<div data-elementor-type=\"wp-post\" data-elementor-id=\"5308\" class=\"elementor elementor-5308\" data-elementor-post-type=\"page\">\n\t\t\t\t\t\t<section class=\"elementor-section elementor-top-section elementor-element elementor-element-bd53732 elementor-section-full_width elementor-section-height-default elementor-section-height-default\" data-id=\"bd53732\" data-element_type=\"section\" data-settings=\"{&quot;background_background&quot;:&quot;classic&quot;}\">\n\t\t\t\t\t\t<div class=\"elementor-container elementor-column-gap-default\">\n\t\t\t\t\t<div class=\"elementor-column elementor-col-100 elementor-top-column elementor-element elementor-element-d5f31d1\" data-id=\"d5f31d1\" data-element_type=\"column\">\n\t\t\t<div class=\"elementor-widget-wrap elementor-element-populated\">\n\t\t\t\t\t\t<div class=\"elementor-element elementor-element-bfc2efa elementor-widget elementor-widget-ova_heading_page\" data-id=\"bfc2efa\" data-element_type=\"widget\" data-widget_type=\"ova_heading_page.default\">\n\t\t\t\t<div class=\"elementor-widget-container\">\n\t\t\t\n\t\t<section class=\"heading-page\" style=\"background-image: url(https:\/\/demo.ovatheme.com\/muzze\/wp-content\/uploads\/2019\/03\/1-1.jpg)\" >\n\t\t\t<div class=\"container\">\n\t\t\t\t<div class=\"cta-content\">\n\t\t\t\t\t\t\t\t\t\t\t<h2 class=\"second_font\">Etkinlikler - Events<\/h2>\n\t\t\t\t\t\t\t\t\t\t\n\t\t\t\t<\/div>\n\t\t\t<\/div>\n\t\t<\/section>\n\n\t\t\t<\/div>\n\t\t\t\t<\/div>\n\t\t\t\t\t<\/div>\n\t\t<\/div>\n\t\t\t\t\t<\/div>\n\t\t<\/section>\n\t\t\t\t<section class=\"elementor-section elementor-top-section elementor-element elementor-element-117010c elementor-section-boxed elementor-section-height-default elementor-section-height-default\" data-id=\"117010c\" data-element_type=\"section\">\n\t\t\t\t\t\t<div class=\"elementor-container elementor-column-gap-default\">\n\t\t\t\t\t<div class=\"elementor-column elementor-col-100 elementor-top-column elementor-element elementor-element-7c20e9c\" data-id=\"7c20e9c\" data-element_type=\"column\">\n\t\t\t<div class=\"elementor-widget-wrap elementor-element-populated\">\n\t\t\t\t\t\t<div class=\"elementor-element elementor-element-717ea39 elementor-widget elementor-widget-ova_heading\" data-id=\"717ea39\" data-element_type=\"widget\" data-widget_type=\"ova_heading.default\">\n\t\t\t\t<div class=\"elementor-widget-container\">\n\t\t\t\t\t<div class=\"ova_heading\">\n\t\t\t\t\t\t\t<h1 class=\"heading_title second_font\">D\u00fczenlenen Etkinlikler<\/h1>\n\t\t\t\t\t\t\t\t\t\t<h2 class=\"sub_title second_font\">Ke\u015ffedin, Kat\u0131l\u0131n, Deneyimleyin: Sanat dolu etkinliklerimize haz\u0131rlan\u0131yoruz.\n\nMagma Sanat Galerisi olarak, sanatseverlere unutulmaz deneyimler sunmak i\u00e7in dolu dolu bir etkinlik takvimi haz\u0131rlad\u0131k.<\/h2>\n\t\t\t\t\t<\/div>\n\t\t\t\t<\/div>\n\t\t\t\t<\/div>\n\t\t\t\t<div class=\"elementor-element elementor-element-6ba63eb elementor-widget elementor-widget-ova_events_cat\" data-id=\"6ba63eb\" data-element_type=\"widget\" data-widget_type=\"ova_events_cat.default\">\n\t\t\t\t<div class=\"elementor-widget-container\">\n\t\t\t<div class=\"archive_event type2 element  \" ><div class=\"content element-event\"><div class=\"date-event\"><span class=\"date\">06<\/span><span class=\"month-year\"><span class=\"month\">Ara<\/span><span class=\"year\">2025<\/span><\/span><\/div><div class=\"desc\"><div class=\"event-thumbnail\"><img fetchpriority=\"high\" decoding=\"async\" width=\"768\" height=\"960\" src=\"https:\/\/magmasanat.com\/wp-content\/uploads\/2025\/12\/irem-gursu-post-tr-768x960.jpg\" class=\"attachment-medium_large size-medium_large wp-post-image\" alt=\"\" srcset=\"https:\/\/magmasanat.com\/wp-content\/uploads\/2025\/12\/irem-gursu-post-tr-768x960.jpg 768w, https:\/\/magmasanat.com\/wp-content\/uploads\/2025\/12\/irem-gursu-post-tr-240x300.jpg 240w, https:\/\/magmasanat.com\/wp-content\/uploads\/2025\/12\/irem-gursu-post-tr-819x1024.jpg 819w, https:\/\/magmasanat.com\/wp-content\/uploads\/2025\/12\/irem-gursu-post-tr-600x750.jpg 600w, https:\/\/magmasanat.com\/wp-content\/uploads\/2025\/12\/irem-gursu-post-tr.jpg 1080w\" sizes=\"(max-width: 768px) 100vw, 768px\" \/><\/div><div class=\"event_post\"><div class=\"post_cat\"><span class=\"event_type\">Ki\u015fisel Sergi<\/span><\/div><h2 class=\"second_font event_title\"><a href=\"https:\/\/magmasanat.com\/index.php\/event\/irem-gursu-memory-of-heat-cevrimici-kisisel-gunes-baski-sergisi\/\" title=\"\u0130REM G\u00dcRSU &#8211; &#8220;MEMORY OF HEAT&#8221; \u00c7EVR\u0130M\u0130\u00c7\u0130 K\u0130\u015e\u0130SEL G\u00dcNE\u015e BASKI SERG\u0130S\u0130\">\u0130REM G\u00dcRSU &#8211; &#8220;MEMORY OF HEAT&#8221; \u00c7EVR\u0130M\u0130\u00c7\u0130 K\u0130\u015e\u0130SEL G\u00dcNE\u015e BASKI SERG\u0130S\u0130<\/a><\/h2><div class=\"time-event\"><span>6 Aral\u0131k 2025&nbsp&#45;&nbsp14:47 - <\/span><span>6 \u015eubat 2031&nbsp&#45;&nbsp14:47 \/ <\/span><span class=\"number\">https:\/\/magmasanat.com\/<\/span><\/div><div class=\"button_event\"><a class=\"view_detail\" href=\"https:\/\/magmasanat.com\/index.php\/event\/irem-gursu-memory-of-heat-cevrimici-kisisel-gunes-baski-sergisi\/\">Detaylar<\/a><\/div><\/div><\/div><\/div><div class=\"content element-event\"><div class=\"date-event\"><span class=\"date\">04<\/span><span class=\"month-year\"><span class=\"month\">Nis<\/span><span class=\"year\">2025<\/span><\/span><\/div><div class=\"desc\"><div class=\"event-thumbnail\"><img decoding=\"async\" width=\"768\" height=\"961\" src=\"https:\/\/magmasanat.com\/wp-content\/uploads\/2025\/04\/Burcu-Gunay-copy-768x961.jpg\" class=\"attachment-medium_large size-medium_large wp-post-image\" alt=\"\" srcset=\"https:\/\/magmasanat.com\/wp-content\/uploads\/2025\/04\/Burcu-Gunay-copy-768x961.jpg 768w, https:\/\/magmasanat.com\/wp-content\/uploads\/2025\/04\/Burcu-Gunay-copy-240x300.jpg 240w, https:\/\/magmasanat.com\/wp-content\/uploads\/2025\/04\/Burcu-Gunay-copy-819x1024.jpg 819w, https:\/\/magmasanat.com\/wp-content\/uploads\/2025\/04\/Burcu-Gunay-copy-600x751.jpg 600w, https:\/\/magmasanat.com\/wp-content\/uploads\/2025\/04\/Burcu-Gunay-copy.jpg 1080w\" sizes=\"(max-width: 768px) 100vw, 768px\" \/><\/div><div class=\"event_post\"><div class=\"post_cat\"><span class=\"event_type\">Ki\u015fisel Sergi<\/span><\/div><h2 class=\"second_font event_title\"><a href=\"https:\/\/magmasanat.com\/index.php\/event\/burcu-gunay-olu-doga-cevrimici-kisisel-sergisi\/\" title=\"BURCU G\u00dcNAY &#8211; &#8220;\u00d6L\u00dc DO\u011eA&#8221; \u00c7EVR\u0130M\u0130\u00c7\u0130 K\u0130\u015e\u0130SEL SERG\u0130S\u0130\">BURCU G\u00dcNAY &#8211; &#8220;\u00d6L\u00dc DO\u011eA&#8221; \u00c7EVR\u0130M\u0130\u00c7\u0130 K\u0130\u015e\u0130SEL SERG\u0130S\u0130<\/a><\/h2><div class=\"time-event\"><span>4 Nisan 2025&nbsp&#45;&nbsp17:00 - <\/span><span>15 Nisan 2025&nbsp&#45;&nbsp16:56 \/ <\/span><span class=\"number\">magmasanat.com<\/span><\/div><div class=\"button_event\"><a class=\"view_detail\" href=\"https:\/\/magmasanat.com\/index.php\/event\/burcu-gunay-olu-doga-cevrimici-kisisel-sergisi\/\">Detaylar<\/a><\/div><\/div><\/div><\/div><div class=\"content element-event\"><div class=\"date-event\"><span class=\"date\">04<\/span><span class=\"month-year\"><span class=\"month\">Mar<\/span><span class=\"year\">2025<\/span><\/span><\/div><div class=\"desc\"><div class=\"event-thumbnail\"><img decoding=\"async\" width=\"768\" height=\"960\" src=\"https:\/\/magmasanat.com\/wp-content\/uploads\/2025\/05\/OPEN-CALL-GONDERI-WRONG-copy-768x960.jpg\" class=\"attachment-medium_large size-medium_large wp-post-image\" alt=\"\" srcset=\"https:\/\/magmasanat.com\/wp-content\/uploads\/2025\/05\/OPEN-CALL-GONDERI-WRONG-copy-768x960.jpg 768w, https:\/\/magmasanat.com\/wp-content\/uploads\/2025\/05\/OPEN-CALL-GONDERI-WRONG-copy-240x300.jpg 240w, https:\/\/magmasanat.com\/wp-content\/uploads\/2025\/05\/OPEN-CALL-GONDERI-WRONG-copy-819x1024.jpg 819w, https:\/\/magmasanat.com\/wp-content\/uploads\/2025\/05\/OPEN-CALL-GONDERI-WRONG-copy-600x750.jpg 600w, https:\/\/magmasanat.com\/wp-content\/uploads\/2025\/05\/OPEN-CALL-GONDERI-WRONG-copy.jpg 1080w\" sizes=\"(max-width: 768px) 100vw, 768px\" \/><\/div><div class=\"event_post\"><div class=\"post_cat\"><span class=\"event_type\">Karma Sergi<\/span><\/div><h2 class=\"second_font event_title\"><a href=\"https:\/\/magmasanat.com\/index.php\/event\/magma-the-fuzzy-flux-at-the-wrong-biennale-7th\/\" title=\"Magma: The Fuzzy Flux at The Wrong Biennale 7th.\">Magma: The Fuzzy Flux at The Wrong Biennale 7th.<\/a><\/h2><div class=\"time-event\"><span>4 Mart 2025&nbsp&#45;&nbsp00:00 - <\/span><span>4 A\u011fustos 2026&nbsp&#45;&nbsp22:07 \/ <\/span><span class=\"number\">magmasanat.com<\/span><\/div><div class=\"button_event\"><a class=\"view_detail\" href=\"https:\/\/magmasanat.com\/index.php\/event\/magma-the-fuzzy-flux-at-the-wrong-biennale-7th\/\">Detaylar<\/a><\/div><\/div><\/div><\/div><div class=\"content element-event\"><div class=\"date-event\"><span class=\"date\">03<\/span><span class=\"month-year\"><span class=\"month\">Haz<\/span><span class=\"year\">2024<\/span><\/span><\/div><div class=\"desc\"><div class=\"event-thumbnail\"><img loading=\"lazy\" decoding=\"async\" width=\"768\" height=\"768\" src=\"https:\/\/magmasanat.com\/wp-content\/uploads\/2024\/06\/WhatsApp-Image-2024-06-01-at-14.13.50-768x768.jpeg\" class=\"attachment-medium_large size-medium_large wp-post-image\" alt=\"\" srcset=\"https:\/\/magmasanat.com\/wp-content\/uploads\/2024\/06\/WhatsApp-Image-2024-06-01-at-14.13.50-768x768.jpeg 768w, https:\/\/magmasanat.com\/wp-content\/uploads\/2024\/06\/WhatsApp-Image-2024-06-01-at-14.13.50-300x300.jpeg 300w, https:\/\/magmasanat.com\/wp-content\/uploads\/2024\/06\/WhatsApp-Image-2024-06-01-at-14.13.50-1024x1024.jpeg 1024w, https:\/\/magmasanat.com\/wp-content\/uploads\/2024\/06\/WhatsApp-Image-2024-06-01-at-14.13.50-150x150.jpeg 150w, https:\/\/magmasanat.com\/wp-content\/uploads\/2024\/06\/WhatsApp-Image-2024-06-01-at-14.13.50-600x600.jpeg 600w, https:\/\/magmasanat.com\/wp-content\/uploads\/2024\/06\/WhatsApp-Image-2024-06-01-at-14.13.50-100x100.jpeg 100w, https:\/\/magmasanat.com\/wp-content\/uploads\/2024\/06\/WhatsApp-Image-2024-06-01-at-14.13.50.jpeg 1080w\" sizes=\"(max-width: 768px) 100vw, 768px\" \/><\/div><div class=\"event_post\"><div class=\"post_cat\"><span class=\"event_type\">Ki\u015fisel Sergi<\/span><\/div><h2 class=\"second_font event_title\"><a href=\"https:\/\/magmasanat.com\/index.php\/event\/erol-murat-yildiz-retrospektif-cevrimici-kisisel-baski-resim-sergisi\/\" title=\"Erol Murat Y\u0131ld\u0131z \u2013 Retrospektif\u2026 \u00c7evrimi\u00e7i Ki\u015fisel Bask\u0131 Resim Sergisi\">Erol Murat Y\u0131ld\u0131z \u2013 Retrospektif\u2026 \u00c7evrimi\u00e7i Ki\u015fisel Bask\u0131 Resim Sergisi<\/a><\/h2><div class=\"time-event\"><span>3 Haziran 2024&nbsp&#45;&nbsp13:00 - <\/span><span>20 Haziran 2024&nbsp&#45;&nbsp23:00 \/ <\/span><span class=\"number\"><\/span><\/div><div class=\"button_event\"><a class=\"view_detail\" href=\"https:\/\/magmasanat.com\/index.php\/event\/erol-murat-yildiz-retrospektif-cevrimici-kisisel-baski-resim-sergisi\/\">Detaylar<\/a><\/div><\/div><\/div><\/div><div class=\"content element-event\"><div class=\"date-event\"><span class=\"date\">10<\/span><span class=\"month-year\"><span class=\"month\">\u015eub<\/span><span class=\"year\">2024<\/span><\/span><\/div><div class=\"desc\"><div class=\"event-thumbnail\"><img loading=\"lazy\" decoding=\"async\" width=\"768\" height=\"768\" src=\"https:\/\/magmasanat.com\/wp-content\/uploads\/2024\/02\/MEHMET-ORS-GONDERI-copy-768x768.jpg\" class=\"attachment-medium_large size-medium_large wp-post-image\" alt=\"\" srcset=\"https:\/\/magmasanat.com\/wp-content\/uploads\/2024\/02\/MEHMET-ORS-GONDERI-copy-768x768.jpg 768w, https:\/\/magmasanat.com\/wp-content\/uploads\/2024\/02\/MEHMET-ORS-GONDERI-copy-300x300.jpg 300w, https:\/\/magmasanat.com\/wp-content\/uploads\/2024\/02\/MEHMET-ORS-GONDERI-copy-1024x1024.jpg 1024w, https:\/\/magmasanat.com\/wp-content\/uploads\/2024\/02\/MEHMET-ORS-GONDERI-copy-150x150.jpg 150w, https:\/\/magmasanat.com\/wp-content\/uploads\/2024\/02\/MEHMET-ORS-GONDERI-copy-600x600.jpg 600w, https:\/\/magmasanat.com\/wp-content\/uploads\/2024\/02\/MEHMET-ORS-GONDERI-copy-100x100.jpg 100w, https:\/\/magmasanat.com\/wp-content\/uploads\/2024\/02\/MEHMET-ORS-GONDERI-copy.jpg 1080w\" sizes=\"(max-width: 768px) 100vw, 768px\" \/><\/div><div class=\"event_post\"><div class=\"post_cat\"><span class=\"event_type\">Ki\u015fisel Sergi<\/span><\/div><h2 class=\"second_font event_title\"><a href=\"https:\/\/magmasanat.com\/index.php\/event\/mehmet-ors-yapisal-izlenimler-cevrimici-kisisel-resim-sergisi\/\" title=\"MEHMET \u00d6RS: &#8220;Yap\u0131sal \u0130zlenimler&#8221; \u00c7evrimi\u00e7i Ki\u015fisel Resim Sergisi.\">MEHMET \u00d6RS: &#8220;Yap\u0131sal \u0130zlenimler&#8221; \u00c7evrimi\u00e7i Ki\u015fisel Resim Sergisi.<\/a><\/h2><div class=\"time-event\"><span>10 \u015eubat 2024&nbsp&#45;&nbsp23:40 - <\/span><span>25 \u015eubat 2024&nbsp&#45;&nbsp23:41 \/ <\/span><span class=\"number\">www.magmasanat.com<\/span><\/div><div class=\"button_event\"><a class=\"view_detail\" href=\"https:\/\/magmasanat.com\/index.php\/event\/mehmet-ors-yapisal-izlenimler-cevrimici-kisisel-resim-sergisi\/\">Detaylar<\/a><\/div><\/div><\/div><\/div><div class=\"content element-event\"><div class=\"date-event\"><span class=\"date\">17<\/span><span class=\"month-year\"><span class=\"month\">Kas<\/span><span class=\"year\">2023<\/span><\/span><\/div><div class=\"desc\"><div class=\"event-thumbnail\"><img loading=\"lazy\" decoding=\"async\" width=\"690\" height=\"1090\" src=\"https:\/\/magmasanat.com\/wp-content\/uploads\/2023\/11\/AFIS_Cagrili-TR.jpg\" class=\"attachment-medium_large size-medium_large wp-post-image\" alt=\"\" srcset=\"https:\/\/magmasanat.com\/wp-content\/uploads\/2023\/11\/AFIS_Cagrili-TR.jpg 690w, https:\/\/magmasanat.com\/wp-content\/uploads\/2023\/11\/AFIS_Cagrili-TR-190x300.jpg 190w, https:\/\/magmasanat.com\/wp-content\/uploads\/2023\/11\/AFIS_Cagrili-TR-648x1024.jpg 648w, https:\/\/magmasanat.com\/wp-content\/uploads\/2023\/11\/AFIS_Cagrili-TR-600x948.jpg 600w\" sizes=\"(max-width: 690px) 100vw, 690px\" \/><\/div><div class=\"event_post\"><div class=\"post_cat\"><span class=\"event_type\">Karma Sergi<\/span><\/div><h2 class=\"second_font event_title\"><a href=\"https:\/\/magmasanat.com\/index.php\/event\/1-uluslararasi-magma-sanat-acik-cagrili-cevrimici-karma-sergi\/\" title=\"1. Uluslararas\u0131 \u201cMagma Sanat\u201d A\u00e7\u0131k \u00c7a\u011fr\u0131l\u0131 \u00c7evrimi\u00e7i Karma Sergi\">1. Uluslararas\u0131 \u201cMagma Sanat\u201d A\u00e7\u0131k \u00c7a\u011fr\u0131l\u0131 \u00c7evrimi\u00e7i Karma Sergi<\/a><\/h2><div class=\"time-event\"><span>17 Kas\u0131m 2023&nbsp&#45;&nbsp12:00 - <\/span><span>30 Kas\u0131m 2023&nbsp&#45;&nbsp18:00 \/ <\/span><span class=\"number\">magmasanat.com<\/span><\/div><div class=\"button_event\"><a class=\"view_detail\" href=\"https:\/\/magmasanat.com\/index.php\/event\/1-uluslararasi-magma-sanat-acik-cagrili-cevrimici-karma-sergi\/\">Detaylar<\/a><\/div><\/div><\/div><\/div><div class=\"content element-event\"><div class=\"date-event\"><span class=\"date\">17<\/span><span class=\"month-year\"><span class=\"month\">Kas<\/span><span class=\"year\">2023<\/span><\/span><\/div><div class=\"desc\"><div class=\"event-thumbnail\"><img loading=\"lazy\" decoding=\"async\" width=\"690\" height=\"1090\" src=\"https:\/\/magmasanat.com\/wp-content\/uploads\/2023\/11\/AFIS_OPENCALL.jpg\" class=\"attachment-medium_large size-medium_large wp-post-image\" alt=\"\" srcset=\"https:\/\/magmasanat.com\/wp-content\/uploads\/2023\/11\/AFIS_OPENCALL.jpg 690w, https:\/\/magmasanat.com\/wp-content\/uploads\/2023\/11\/AFIS_OPENCALL-190x300.jpg 190w, https:\/\/magmasanat.com\/wp-content\/uploads\/2023\/11\/AFIS_OPENCALL-648x1024.jpg 648w, https:\/\/magmasanat.com\/wp-content\/uploads\/2023\/11\/AFIS_OPENCALL-600x948.jpg 600w\" sizes=\"(max-width: 690px) 100vw, 690px\" \/><\/div><div class=\"event_post\"><div class=\"post_cat\"><span class=\"event_type\">Karma Sergi<\/span><\/div><h2 class=\"second_font event_title\"><a href=\"https:\/\/magmasanat.com\/index.php\/event\/1st-international-magma-art-open-call-online-group-exhibition\/\" title=\"1st International \u201cMagma Art\u201d Open Call Online Group Exhibition\">1st International \u201cMagma Art\u201d Open Call Online Group Exhibition<\/a><\/h2><div class=\"time-event\"><span>17 Kas\u0131m 2023&nbsp&#45;&nbsp10:00 - <\/span><span>30 Kas\u0131m 2023&nbsp&#45;&nbsp20:09 \/ <\/span><span class=\"number\">magmasanat.com<\/span><\/div><div class=\"button_event\"><a class=\"view_detail\" href=\"https:\/\/magmasanat.com\/index.php\/event\/1st-international-magma-art-open-call-online-group-exhibition\/\">Detaylar<\/a><\/div><\/div><\/div><\/div><div class=\"content element-event\"><div class=\"date-event\"><span class=\"date\">20<\/span><span class=\"month-year\"><span class=\"month\">Eki<\/span><span class=\"year\">2023<\/span><\/span><\/div><div class=\"desc\"><div class=\"event-thumbnail\"><img loading=\"lazy\" decoding=\"async\" width=\"768\" height=\"1065\" src=\"https:\/\/magmasanat.com\/wp-content\/uploads\/2023\/10\/fatih-sen-sergi-copy-768x1065.jpg\" class=\"attachment-medium_large size-medium_large wp-post-image\" alt=\"\" srcset=\"https:\/\/magmasanat.com\/wp-content\/uploads\/2023\/10\/fatih-sen-sergi-copy-768x1065.jpg 768w, https:\/\/magmasanat.com\/wp-content\/uploads\/2023\/10\/fatih-sen-sergi-copy-216x300.jpg 216w, https:\/\/magmasanat.com\/wp-content\/uploads\/2023\/10\/fatih-sen-sergi-copy-738x1024.jpg 738w, https:\/\/magmasanat.com\/wp-content\/uploads\/2023\/10\/fatih-sen-sergi-copy-600x832.jpg 600w, https:\/\/magmasanat.com\/wp-content\/uploads\/2023\/10\/fatih-sen-sergi-copy.jpg 1093w\" sizes=\"(max-width: 768px) 100vw, 768px\" \/><\/div><div class=\"event_post\"><div class=\"post_cat\"><span class=\"event_type\">Ki\u015fisel Sergi<\/span><\/div><h2 class=\"second_font event_title\"><a href=\"https:\/\/magmasanat.com\/index.php\/event\/fatih-sen-kisisel-desen-sergisi\/\" title=\"Fatih \u015een &#8211; \u00c7evrimi\u00e7i Ki\u015fisel Desen Sergisi\">Fatih \u015een &#8211; \u00c7evrimi\u00e7i Ki\u015fisel Desen Sergisi<\/a><\/h2><div class=\"time-event\"><span>20 Ekim 2023&nbsp&#45;&nbsp13:00 - <\/span><span>31 Ekim 2023&nbsp&#45;&nbsp18:00 \/ <\/span><span class=\"number\">Magma Sanat Alan\u0131<\/span><\/div><div class=\"button_event\"><a class=\"view_detail\" href=\"https:\/\/magmasanat.com\/index.php\/event\/fatih-sen-kisisel-desen-sergisi\/\">Detaylar<\/a><\/div><\/div><\/div><\/div><div class=\"content element-event\"><div class=\"date-event\"><span class=\"date\">06<\/span><span class=\"month-year\"><span class=\"month\">Eki<\/span><span class=\"year\">2023<\/span><\/span><\/div><div class=\"desc\"><div class=\"event-thumbnail\"><img loading=\"lazy\" decoding=\"async\" width=\"690\" height=\"690\" src=\"https:\/\/magmasanat.com\/wp-content\/uploads\/2023\/08\/AFIS_KAREEN.jpg\" class=\"attachment-medium_large size-medium_large wp-post-image\" alt=\"\" srcset=\"https:\/\/magmasanat.com\/wp-content\/uploads\/2023\/08\/AFIS_KAREEN.jpg 690w, https:\/\/magmasanat.com\/wp-content\/uploads\/2023\/08\/AFIS_KAREEN-300x300.jpg 300w, https:\/\/magmasanat.com\/wp-content\/uploads\/2023\/08\/AFIS_KAREEN-150x150.jpg 150w, https:\/\/magmasanat.com\/wp-content\/uploads\/2023\/08\/AFIS_KAREEN-600x600.jpg 600w, https:\/\/magmasanat.com\/wp-content\/uploads\/2023\/08\/AFIS_KAREEN-100x100.jpg 100w\" sizes=\"(max-width: 690px) 100vw, 690px\" \/><\/div><div class=\"event_post\"><div class=\"post_cat\"><span class=\"event_type\">Karma Sergi<\/span><\/div><h2 class=\"second_font event_title\"><a href=\"https:\/\/magmasanat.com\/index.php\/event\/uluslararasi-davetli-sanatci-karma-sergisi\/\" title=\"Magma Sanat Uluslararas\u0131 Davetli Sanat\u00e7\u0131 Karma Sergisi\">Magma Sanat Uluslararas\u0131 Davetli Sanat\u00e7\u0131 Karma Sergisi<\/a><\/h2><div class=\"time-event\"><span>6 Ekim 2023&nbsp&#45;&nbsp12:00 - <\/span><span>28 Ekim 2023&nbsp&#45;&nbsp18:00 \/ <\/span><span class=\"number\">Magma Sanat Alan\u0131<\/span><\/div><div class=\"button_event\"><a class=\"view_detail\" href=\"https:\/\/magmasanat.com\/index.php\/event\/uluslararasi-davetli-sanatci-karma-sergisi\/\">Detaylar<\/a><\/div><\/div><\/div><\/div><\/div>\t\t<\/div>\n\t\t\t\t<\/div>\n\t\t\t\t\t<\/div>\n\t\t<\/div>\n\t\t\t\t\t<\/div>\n\t\t<\/section>\n\t\t\t\t<\/div>\n\t\t","protected":false},"excerpt":{"rendered":"<p>Etkinlikler &#8211; Events D\u00fczenlenen Etkinlikler Ke\u015ffedin, Kat\u0131l\u0131n, Deneyimleyin: Sanat dolu etkinliklerimize haz\u0131rlan\u0131yoruz. Magma Sanat Galerisi olarak, sanatseverlere unutulmaz deneyimler sunmak i\u00e7in dolu dolu bir etkinlik takvimi haz\u0131rlad\u0131k. 17Mar2023Tour Joey Frank Seeker An&#8217; The Trick 17 Mart 2023&#038;nbsp&#45;&#038;nbsp00:00 &#8211; 1 Nisan 2023&#038;nbsp&#45;&#038;nbsp00:00 \/ Western Avenue, Allston, MADetaylar19A\u011fu2022Members Event Joey Frank Seeker An&#8217; The Trick 19 A\u011fustos [&hellip;]<\/p>\n","protected":false},"author":1,"featured_media":0,"parent":0,"menu_order":0,"comment_status":"closed","ping_status":"closed","template":"elementor_header_footer","meta":{"_eb_attr":"","om_disable_all_campaigns":false,"_uag_custom_page_level_css":"","_monsterinsights_skip_tracking":false,"_monsterinsights_sitenote_active":false,"_monsterinsights_sitenote_note":"","_monsterinsights_sitenote_category":0,"footnotes":""},"class_list":["post-5308","page","type-page","status-publish","hentry"],"aioseo_notices":[],"featured_image_src":false,"featured_image_src_square":false,"rbea_author_info":{"display_name":"magmasanat.com","author_link":"https:\/\/magmasanat.com\/index.php\/author\/magmasanat-com\/"},"rbea_excerpt_info":"Etkinlikler &#8211; Events D\u00fczenlenen Etkinlikler Ke\u015ffedin, Kat\u0131l\u0131n, Deneyimleyin: Sanat dolu etkinliklerimize haz\u0131rlan\u0131yoruz. Magma Sanat Galerisi olarak, sanatseverlere unutulmaz deneyimler sunmak i\u00e7in dolu dolu bir etkinlik takvimi haz\u0131rlad\u0131k. 17Mar2023Tour Joey Frank Seeker An&#8217; The Trick 17 Mart 2023&#038;nbsp&#45;&#038;nbsp00:00 &#8211; 1 Nisan 2023&#038;nbsp&#45;&#038;nbsp00:00 \/ Western Avenue, Allston, MADetaylar19A\u011fu2022Members Event Joey Frank Seeker An&#8217; The Trick 19 A\u011fustos [&hellip;]","uagb_featured_image_src":{"full":false,"thumbnail":false,"medium":false,"medium_large":false,"large":false,"1536x1536":false,"2048x2048":false,"woocommerce_thumbnail":false,"woocommerce_single":false,"woocommerce_gallery_thumbnail":false},"uagb_author_info":{"display_name":"magmasanat.com","author_link":"https:\/\/magmasanat.com\/index.php\/author\/magmasanat-com\/"},"uagb_comment_info":0,"uagb_excerpt":"Etkinlikler &#8211; Events D\u00fczenlenen Etkinlikler Ke\u015ffedin, Kat\u0131l\u0131n, Deneyimleyin: Sanat dolu etkinliklerimize haz\u0131rlan\u0131yoruz. Magma Sanat Galerisi olarak, sanatseverlere unutulmaz deneyimler sunmak i\u00e7in dolu dolu bir etkinlik takvimi haz\u0131rlad\u0131k. 17Mar2023Tour Joey Frank Seeker An&#8217; The Trick 17 Mart 2023&#038;nbsp&#45;&#038;nbsp00:00 &#8211; 1 Nisan 2023&#038;nbsp&#45;&#038;nbsp00:00 \/ Western Avenue, Allston, MADetaylar19A\u011fu2022Members Event Joey Frank Seeker An&#8217; The Trick 19 A\u011fustos&hellip;","_links":{"self":[{"href":"https:\/\/magmasanat.com\/index.php\/wp-json\/wp\/v2\/pages\/5308","targetHints":{"allow":["GET"]}}],"collection":[{"href":"https:\/\/magmasanat.com\/index.php\/wp-json\/wp\/v2\/pages"}],"about":[{"href":"https:\/\/magmasanat.com\/index.php\/wp-json\/wp\/v2\/types\/page"}],"author":[{"embeddable":true,"href":"https:\/\/magmasanat.com\/index.php\/wp-json\/wp\/v2\/users\/1"}],"replies":[{"embeddable":true,"href":"https:\/\/magmasanat.com\/index.php\/wp-json\/wp\/v2\/comments?post=5308"}],"version-history":[{"count":4,"href":"https:\/\/magmasanat.com\/index.php\/wp-json\/wp\/v2\/pages\/5308\/revisions"}],"predecessor-version":[{"id":5312,"href":"https:\/\/magmasanat.com\/index.php\/wp-json\/wp\/v2\/pages\/5308\/revisions\/5312"}],"wp:attachment":[{"href":"https:\/\/magmasanat.com\/index.php\/wp-json\/wp\/v2\/media?parent=5308"}],"curies":[{"name":"wp","href":"https:\/\/api.w.org\/{rel}","templated":true}]}}