{"id":4661,"date":"2019-03-01T11:10:28","date_gmt":"2019-03-01T11:10:28","guid":{"rendered":"https:\/\/demo.ovatheme.com\/muzze\/?page_id=4661"},"modified":"2023-11-14T12:59:16","modified_gmt":"2023-11-14T09:59:16","slug":"exhibition-compact","status":"publish","type":"page","link":"https:\/\/magmasanat.com\/index.php\/exhibition-compact\/","title":{"rendered":"Ge\u00e7mi\u015f Sergiler"},"content":{"rendered":"\t\t<div data-elementor-type=\"wp-post\" data-elementor-id=\"4661\" class=\"elementor elementor-4661\" data-elementor-post-type=\"page\">\n\t\t\t\t\t\t<section class=\"elementor-section elementor-top-section elementor-element elementor-element-64d29dc elementor-section-full_width elementor-section-stretched elementor-section-height-default elementor-section-height-default\" data-id=\"64d29dc\" data-element_type=\"section\" data-settings=\"{&quot;stretch_section&quot;:&quot;section-stretched&quot;}\">\n\t\t\t\t\t\t<div class=\"elementor-container elementor-column-gap-no\">\n\t\t\t\t\t<div class=\"elementor-column elementor-col-100 elementor-top-column elementor-element elementor-element-ca40df1\" data-id=\"ca40df1\" data-element_type=\"column\">\n\t\t\t<div class=\"elementor-widget-wrap elementor-element-populated\">\n\t\t\t\t\t\t<div class=\"elementor-element elementor-element-c1fe116 elementor-widget elementor-widget-ova_heading_page\" data-id=\"c1fe116\" data-element_type=\"widget\" data-widget_type=\"ova_heading_page.default\">\n\t\t\t\t<div class=\"elementor-widget-container\">\n\t\t\t\n\t\t<section class=\"heading-page\" style=\"background-image: url(http:\/\/magmasanat.com\/wp-content\/uploads\/2023\/08\/banner_inner2-copy-scaled.jpg)\" >\n\t\t\t<div class=\"container\">\n\t\t\t\t<div class=\"cta-content\">\n\t\t\t\t\t\t\t\t\t\t\t<h2 class=\"second_font\">Magma Sanat Alan\u0131 - Art Space<\/h2>\n\t\t\t\t\t\t\t\t\t\t\n\t\t\t\t<\/div>\n\t\t\t<\/div>\n\t\t<\/section>\n\n\t\t\t<\/div>\n\t\t\t\t<\/div>\n\t\t\t\t\t<\/div>\n\t\t<\/div>\n\t\t\t\t\t<\/div>\n\t\t<\/section>\n\t\t\t\t<section class=\"elementor-section elementor-top-section elementor-element elementor-element-b59e8ed elementor-section-boxed elementor-section-height-default elementor-section-height-default\" data-id=\"b59e8ed\" data-element_type=\"section\">\n\t\t\t\t\t\t<div class=\"elementor-container elementor-column-gap-default\">\n\t\t\t\t\t<div class=\"elementor-column elementor-col-100 elementor-top-column elementor-element elementor-element-cc969c1\" data-id=\"cc969c1\" data-element_type=\"column\">\n\t\t\t<div class=\"elementor-widget-wrap elementor-element-populated\">\n\t\t\t\t\t\t<div class=\"elementor-element elementor-element-122e84e elementor-widget elementor-widget-ova_heading\" data-id=\"122e84e\" data-element_type=\"widget\" data-widget_type=\"ova_heading.default\">\n\t\t\t\t<div class=\"elementor-widget-container\">\n\t\t\t\t\t<div class=\"ova_heading\">\n\t\t\t\t\t\t\t<h1 class=\"heading_title second_font\">Ge\u00e7mi\u015f Sergiler - Past Exhibitiions<\/h1>\n\t\t\t\t\t\t\t\t<\/div>\n\t\t\t\t<\/div>\n\t\t\t\t<\/div>\n\t\t\t\t\t<\/div>\n\t\t<\/div>\n\t\t\t\t\t<\/div>\n\t\t<\/section>\n\t\t\t\t<section class=\"elementor-section elementor-top-section elementor-element elementor-element-4fe25cd elementor-section-boxed elementor-section-height-default elementor-section-height-default\" data-id=\"4fe25cd\" data-element_type=\"section\">\n\t\t\t\t\t\t<div class=\"elementor-container elementor-column-gap-default\">\n\t\t\t\t\t<div class=\"elementor-column elementor-col-100 elementor-top-column elementor-element elementor-element-3142b6a\" data-id=\"3142b6a\" data-element_type=\"column\">\n\t\t\t<div class=\"elementor-widget-wrap elementor-element-populated\">\n\t\t\t\t\t\t<div class=\"elementor-element elementor-element-475901b elementor-widget elementor-widget-ovaex_exhibition_type\" data-id=\"475901b\" data-element_type=\"widget\" data-widget_type=\"ovaex_exhibition_type.default\">\n\t\t\t\t<div class=\"elementor-widget-container\">\n\t\t\t\t\t\n\t\t<div class=\"exhibition_arc element_exh\">\n\t\t\t<div class=\"wrap-content grid\" >\n\t\t\t\t\t\t\t\t\t<div class=\"post-items ex3_columns\">\n\t\t\t\t\t\t<a href=\"https:\/\/magmasanat.com\/index.php\/exhibition\/burcu-gunay-olu-doga-cevrimici-kisisel-sergisi\/?back=ago\" title=\"BURCU G\u00dcNAY &#8211; &#8220;\u00d6L\u00dc DO\u011eA&#8221; \u00c7EVR\u0130M\u0130\u00c7\u0130 K\u0130\u015e\u0130SEL RES\u0130M SERG\u0130S\u0130\">\n\t\t\t\t\t\t\t\t\t\t\t\t\t\t\t<img fetchpriority=\"high\" decoding=\"async\" width=\"768\" height=\"961\" src=\"https:\/\/magmasanat.com\/wp-content\/uploads\/2025\/04\/Burcu-Gunay-copy-768x961.jpg\" class=\"attachment-medium_large size-medium_large wp-post-image\" alt=\"\" srcset=\"https:\/\/magmasanat.com\/wp-content\/uploads\/2025\/04\/Burcu-Gunay-copy-768x961.jpg 768w, https:\/\/magmasanat.com\/wp-content\/uploads\/2025\/04\/Burcu-Gunay-copy-240x300.jpg 240w, https:\/\/magmasanat.com\/wp-content\/uploads\/2025\/04\/Burcu-Gunay-copy-819x1024.jpg 819w, https:\/\/magmasanat.com\/wp-content\/uploads\/2025\/04\/Burcu-Gunay-copy-600x751.jpg 600w, https:\/\/magmasanat.com\/wp-content\/uploads\/2025\/04\/Burcu-Gunay-copy.jpg 1080w\" sizes=\"(max-width: 768px) 100vw, 768px\" \/>\t\t\t\t\t\t\t\t\n\t\t\t\t\t\t<\/a>\n\t\t\t\t\t\t<div class=\"content\">\n\t\t\t\t\t\t\t<h3 class=\"second_font\">\n\t\t\t\t\t\t\t\t<a href=\"https:\/\/magmasanat.com\/index.php\/exhibition\/burcu-gunay-olu-doga-cevrimici-kisisel-sergisi\/?back=ago\" title=\"BURCU G\u00dcNAY &#8211; &#8220;\u00d6L\u00dc DO\u011eA&#8221; \u00c7EVR\u0130M\u0130\u00c7\u0130 K\u0130\u015e\u0130SEL RES\u0130M SERG\u0130S\u0130\">\n\t\t\t\t\t\t\t\t\tBURCU G\u00dcNAY &#8211; &#8220;\u00d6L\u00dc DO\u011eA&#8221; \u00c7EVR\u0130M\u0130\u00c7\u0130 K\u0130\u015e\u0130SEL RES\u0130M SERG\u0130S\u0130\t\t\t\t\t\t\t\t<\/a>\n\t\t\t\t\t\t\t<\/h3>\n\n\t\t\t\t\t\t\t\t\t\t\t\t\t\t\t<div class=\"times\">\n\t\t\t\t\t\t\t\t\t\t\t\t\t\t\t\t\t\t\t<span>Nis 04, 2025 -<\/span>\n\t\t\t\t\t\t\t\t\t\t<span>Nis 15, 2025<\/span>\n\t\t\t\t\t\t\t\t\t\t\t\t\t\t\t\t\t<\/div>\n\t\t\t\t\t\t\t\t\t\t\t\t\t<\/div>\n\t\t\t\t\t<\/div>\n\t\t\t\t\t\t\t\t\t<div class=\"post-items ex3_columns\">\n\t\t\t\t\t\t<a href=\"https:\/\/magmasanat.com\/index.php\/exhibition\/erol-murat-yildiz-retrospektif-cevrimici-baski-resim-sergisi\/?back=ago\" title=\"Erol Murat Y\u0131ld\u0131z &#8211; Retrospektif&#8230; \u00c7evrimi\u00e7i Ki\u015fisel Bask\u0131 Resim Sergisi\">\n\t\t\t\t\t\t\t\t\t\t\t\t\t\t\t<img decoding=\"async\" width=\"768\" height=\"768\" src=\"https:\/\/magmasanat.com\/wp-content\/uploads\/2024\/06\/WhatsApp-Image-2024-06-01-at-14.13.50-768x768.jpeg\" class=\"attachment-medium_large size-medium_large wp-post-image\" alt=\"\" srcset=\"https:\/\/magmasanat.com\/wp-content\/uploads\/2024\/06\/WhatsApp-Image-2024-06-01-at-14.13.50-768x768.jpeg 768w, https:\/\/magmasanat.com\/wp-content\/uploads\/2024\/06\/WhatsApp-Image-2024-06-01-at-14.13.50-300x300.jpeg 300w, https:\/\/magmasanat.com\/wp-content\/uploads\/2024\/06\/WhatsApp-Image-2024-06-01-at-14.13.50-1024x1024.jpeg 1024w, https:\/\/magmasanat.com\/wp-content\/uploads\/2024\/06\/WhatsApp-Image-2024-06-01-at-14.13.50-150x150.jpeg 150w, https:\/\/magmasanat.com\/wp-content\/uploads\/2024\/06\/WhatsApp-Image-2024-06-01-at-14.13.50-600x600.jpeg 600w, https:\/\/magmasanat.com\/wp-content\/uploads\/2024\/06\/WhatsApp-Image-2024-06-01-at-14.13.50-100x100.jpeg 100w, https:\/\/magmasanat.com\/wp-content\/uploads\/2024\/06\/WhatsApp-Image-2024-06-01-at-14.13.50.jpeg 1080w\" sizes=\"(max-width: 768px) 100vw, 768px\" \/>\t\t\t\t\t\t\t\t\n\t\t\t\t\t\t<\/a>\n\t\t\t\t\t\t<div class=\"content\">\n\t\t\t\t\t\t\t<h3 class=\"second_font\">\n\t\t\t\t\t\t\t\t<a href=\"https:\/\/magmasanat.com\/index.php\/exhibition\/erol-murat-yildiz-retrospektif-cevrimici-baski-resim-sergisi\/?back=ago\" title=\"Erol Murat Y\u0131ld\u0131z &#8211; Retrospektif&#8230; \u00c7evrimi\u00e7i Ki\u015fisel Bask\u0131 Resim Sergisi\">\n\t\t\t\t\t\t\t\t\tErol Murat Y\u0131ld\u0131z &#8211; Retrospektif&#8230; \u00c7evrimi\u00e7i Ki\u015fisel Bask\u0131 Resim Sergisi\t\t\t\t\t\t\t\t<\/a>\n\t\t\t\t\t\t\t<\/h3>\n\n\t\t\t\t\t\t\t\t\t\t\t\t\t\t\t<div class=\"times\">\n\t\t\t\t\t\t\t\t\t\t\t\t\t\t\t\t\t\t\t<span>Haz 03, 2024 -<\/span>\n\t\t\t\t\t\t\t\t\t\t<span>Haz 20, 2024<\/span>\n\t\t\t\t\t\t\t\t\t\t\t\t\t\t\t\t\t<\/div>\n\t\t\t\t\t\t\t\t\t\t\t\t\t<\/div>\n\t\t\t\t\t<\/div>\n\t\t\t\t\t\t\t\t\t<div class=\"post-items ex3_columns\">\n\t\t\t\t\t\t<a href=\"https:\/\/magmasanat.com\/index.php\/exhibition\/lutfi-ozden-kisisel-resim-sergisi\/?back=ago\" title=\"L\u00fctfi \u00d6zden  &#8220;Yery\u00fcz\u00fcne Dokunmak&#8221; \u00c7evrimi\u00e7i Ki\u015fisel Resim Sergisi\">\n\t\t\t\t\t\t\t\t\t\t\t\t\t\t\t<img decoding=\"async\" width=\"768\" height=\"768\" src=\"https:\/\/magmasanat.com\/wp-content\/uploads\/2024\/03\/LUTFI-OZDEN-copy-768x768.jpg\" class=\"attachment-medium_large size-medium_large wp-post-image\" alt=\"\" srcset=\"https:\/\/magmasanat.com\/wp-content\/uploads\/2024\/03\/LUTFI-OZDEN-copy-768x768.jpg 768w, https:\/\/magmasanat.com\/wp-content\/uploads\/2024\/03\/LUTFI-OZDEN-copy-300x300.jpg 300w, https:\/\/magmasanat.com\/wp-content\/uploads\/2024\/03\/LUTFI-OZDEN-copy-1024x1024.jpg 1024w, https:\/\/magmasanat.com\/wp-content\/uploads\/2024\/03\/LUTFI-OZDEN-copy-150x150.jpg 150w, https:\/\/magmasanat.com\/wp-content\/uploads\/2024\/03\/LUTFI-OZDEN-copy-600x600.jpg 600w, https:\/\/magmasanat.com\/wp-content\/uploads\/2024\/03\/LUTFI-OZDEN-copy-100x100.jpg 100w, https:\/\/magmasanat.com\/wp-content\/uploads\/2024\/03\/LUTFI-OZDEN-copy.jpg 1080w\" sizes=\"(max-width: 768px) 100vw, 768px\" \/>\t\t\t\t\t\t\t\t\n\t\t\t\t\t\t<\/a>\n\t\t\t\t\t\t<div class=\"content\">\n\t\t\t\t\t\t\t<h3 class=\"second_font\">\n\t\t\t\t\t\t\t\t<a href=\"https:\/\/magmasanat.com\/index.php\/exhibition\/lutfi-ozden-kisisel-resim-sergisi\/?back=ago\" title=\"L\u00fctfi \u00d6zden  &#8220;Yery\u00fcz\u00fcne Dokunmak&#8221; \u00c7evrimi\u00e7i Ki\u015fisel Resim Sergisi\">\n\t\t\t\t\t\t\t\t\tL\u00fctfi \u00d6zden  &#8220;Yery\u00fcz\u00fcne Dokunmak&#8221; \u00c7evrimi\u00e7i Ki\u015fisel Resim Sergisi\t\t\t\t\t\t\t\t<\/a>\n\t\t\t\t\t\t\t<\/h3>\n\n\t\t\t\t\t\t\t\t\t\t\t\t\t\t\t<div class=\"times\">\n\t\t\t\t\t\t\t\t\t\t\t\t\t\t\t\t\t\t\t<span>Mar 25, 2024 -<\/span>\n\t\t\t\t\t\t\t\t\t\t<span>Nis 15, 2024<\/span>\n\t\t\t\t\t\t\t\t\t\t\t\t\t\t\t\t\t<\/div>\n\t\t\t\t\t\t\t\t\t\t\t\t\t<\/div>\n\t\t\t\t\t<\/div>\n\t\t\t\t\t\t\t\t\t<div class=\"post-items ex3_columns\">\n\t\t\t\t\t\t<a href=\"https:\/\/magmasanat.com\/index.php\/exhibition\/mehmet-ors-yapisal-izlenimler-cevrimici-kisisel-resim-sergisi\/?back=ago\" title=\"Mehmet \u00d6rs &#8211; Yap\u0131sal \u0130zlenimler.. \u00c7evrimi\u00e7i Ki\u015fisel Resim Sergisi\">\n\t\t\t\t\t\t\t\t\t\t\t\t\t\t\t<img loading=\"lazy\" decoding=\"async\" width=\"768\" height=\"768\" src=\"https:\/\/magmasanat.com\/wp-content\/uploads\/2024\/02\/MEHMET-ORS-GONDERI-copy-768x768.jpg\" class=\"attachment-medium_large size-medium_large wp-post-image\" alt=\"\" srcset=\"https:\/\/magmasanat.com\/wp-content\/uploads\/2024\/02\/MEHMET-ORS-GONDERI-copy-768x768.jpg 768w, https:\/\/magmasanat.com\/wp-content\/uploads\/2024\/02\/MEHMET-ORS-GONDERI-copy-300x300.jpg 300w, https:\/\/magmasanat.com\/wp-content\/uploads\/2024\/02\/MEHMET-ORS-GONDERI-copy-1024x1024.jpg 1024w, https:\/\/magmasanat.com\/wp-content\/uploads\/2024\/02\/MEHMET-ORS-GONDERI-copy-150x150.jpg 150w, https:\/\/magmasanat.com\/wp-content\/uploads\/2024\/02\/MEHMET-ORS-GONDERI-copy-600x600.jpg 600w, https:\/\/magmasanat.com\/wp-content\/uploads\/2024\/02\/MEHMET-ORS-GONDERI-copy-100x100.jpg 100w, https:\/\/magmasanat.com\/wp-content\/uploads\/2024\/02\/MEHMET-ORS-GONDERI-copy.jpg 1080w\" sizes=\"(max-width: 768px) 100vw, 768px\" \/>\t\t\t\t\t\t\t\t\n\t\t\t\t\t\t<\/a>\n\t\t\t\t\t\t<div class=\"content\">\n\t\t\t\t\t\t\t<h3 class=\"second_font\">\n\t\t\t\t\t\t\t\t<a href=\"https:\/\/magmasanat.com\/index.php\/exhibition\/mehmet-ors-yapisal-izlenimler-cevrimici-kisisel-resim-sergisi\/?back=ago\" title=\"Mehmet \u00d6rs &#8211; Yap\u0131sal \u0130zlenimler.. \u00c7evrimi\u00e7i Ki\u015fisel Resim Sergisi\">\n\t\t\t\t\t\t\t\t\tMehmet \u00d6rs &#8211; Yap\u0131sal \u0130zlenimler.. \u00c7evrimi\u00e7i Ki\u015fisel Resim Sergisi\t\t\t\t\t\t\t\t<\/a>\n\t\t\t\t\t\t\t<\/h3>\n\n\t\t\t\t\t\t\t\t\t\t\t\t\t\t\t<div class=\"times\">\n\t\t\t\t\t\t\t\t\t\t\t\t\t\t\t\t\t\t\t<span>\u015eub 10, 2024 -<\/span>\n\t\t\t\t\t\t\t\t\t\t<span>\u015eub 25, 2024<\/span>\n\t\t\t\t\t\t\t\t\t\t\t\t\t\t\t\t\t<\/div>\n\t\t\t\t\t\t\t\t\t\t\t\t\t<\/div>\n\t\t\t\t\t<\/div>\n\t\t\t\t\t\t\t\t\t<div class=\"post-items ex3_columns\">\n\t\t\t\t\t\t<a href=\"https:\/\/magmasanat.com\/index.php\/exhibition\/magma-art-international-invited-artists-group-exhibition\/?back=ago\" title=\"Magma Art International Invited Artists Group Exhibition\">\n\t\t\t\t\t\t\t\t\t\t\t\t\t\t\t<img loading=\"lazy\" decoding=\"async\" width=\"690\" height=\"690\" src=\"https:\/\/magmasanat.com\/wp-content\/uploads\/2023\/08\/AFIS_KAREEN.jpg\" class=\"attachment-medium_large size-medium_large wp-post-image\" alt=\"\" srcset=\"https:\/\/magmasanat.com\/wp-content\/uploads\/2023\/08\/AFIS_KAREEN.jpg 690w, https:\/\/magmasanat.com\/wp-content\/uploads\/2023\/08\/AFIS_KAREEN-300x300.jpg 300w, https:\/\/magmasanat.com\/wp-content\/uploads\/2023\/08\/AFIS_KAREEN-150x150.jpg 150w, https:\/\/magmasanat.com\/wp-content\/uploads\/2023\/08\/AFIS_KAREEN-600x600.jpg 600w, https:\/\/magmasanat.com\/wp-content\/uploads\/2023\/08\/AFIS_KAREEN-100x100.jpg 100w\" sizes=\"(max-width: 690px) 100vw, 690px\" \/>\t\t\t\t\t\t\t\t\n\t\t\t\t\t\t<\/a>\n\t\t\t\t\t\t<div class=\"content\">\n\t\t\t\t\t\t\t<h3 class=\"second_font\">\n\t\t\t\t\t\t\t\t<a href=\"https:\/\/magmasanat.com\/index.php\/exhibition\/magma-art-international-invited-artists-group-exhibition\/?back=ago\" title=\"Magma Art International Invited Artists Group Exhibition\">\n\t\t\t\t\t\t\t\t\tMagma Art International Invited Artists Group Exhibition\t\t\t\t\t\t\t\t<\/a>\n\t\t\t\t\t\t\t<\/h3>\n\n\t\t\t\t\t\t\t\t\t\t\t\t\t\t\t<div class=\"times\">\n\t\t\t\t\t\t\t\t\t\t\t\t\t\t\t\t\t\t\t<span>Eki 06, 2023 -<\/span>\n\t\t\t\t\t\t\t\t\t\t<span>Mar 28, 2024<\/span>\n\t\t\t\t\t\t\t\t\t\t\t\t\t\t\t\t\t<\/div>\n\t\t\t\t\t\t\t\t\t\t\t\t\t<\/div>\n\t\t\t\t\t<\/div>\n\t\t\t\t\t\t\t\t\t<div class=\"post-items ex3_columns\">\n\t\t\t\t\t\t<a href=\"https:\/\/magmasanat.com\/index.php\/exhibition\/1-uluslararasi-magma-sanat-acik-cagrili-cevrimici-karma-sergi\/?back=ago\" title=\"1. Uluslararas\u0131 \u201cMagma Sanat\u201d A\u00e7\u0131k \u00c7a\u011fr\u0131l\u0131 \u00c7evrimi\u00e7i Karma Sergi\">\n\t\t\t\t\t\t\t\t\t\t\t\t\t\t\t<img loading=\"lazy\" decoding=\"async\" width=\"690\" height=\"1090\" src=\"https:\/\/magmasanat.com\/wp-content\/uploads\/2023\/11\/AFIS_Cagrili-TR.jpg\" class=\"attachment-medium_large size-medium_large wp-post-image\" alt=\"\" srcset=\"https:\/\/magmasanat.com\/wp-content\/uploads\/2023\/11\/AFIS_Cagrili-TR.jpg 690w, https:\/\/magmasanat.com\/wp-content\/uploads\/2023\/11\/AFIS_Cagrili-TR-190x300.jpg 190w, https:\/\/magmasanat.com\/wp-content\/uploads\/2023\/11\/AFIS_Cagrili-TR-648x1024.jpg 648w, https:\/\/magmasanat.com\/wp-content\/uploads\/2023\/11\/AFIS_Cagrili-TR-600x948.jpg 600w\" sizes=\"(max-width: 690px) 100vw, 690px\" \/>\t\t\t\t\t\t\t\t\n\t\t\t\t\t\t<\/a>\n\t\t\t\t\t\t<div class=\"content\">\n\t\t\t\t\t\t\t<h3 class=\"second_font\">\n\t\t\t\t\t\t\t\t<a href=\"https:\/\/magmasanat.com\/index.php\/exhibition\/1-uluslararasi-magma-sanat-acik-cagrili-cevrimici-karma-sergi\/?back=ago\" title=\"1. Uluslararas\u0131 \u201cMagma Sanat\u201d A\u00e7\u0131k \u00c7a\u011fr\u0131l\u0131 \u00c7evrimi\u00e7i Karma Sergi\">\n\t\t\t\t\t\t\t\t\t1. Uluslararas\u0131 \u201cMagma Sanat\u201d A\u00e7\u0131k \u00c7a\u011fr\u0131l\u0131 \u00c7evrimi\u00e7i Karma Sergi\t\t\t\t\t\t\t\t<\/a>\n\t\t\t\t\t\t\t<\/h3>\n\n\t\t\t\t\t\t\t\t\t\t\t\t\t\t\t<div class=\"times\">\n\t\t\t\t\t\t\t\t\t\t\t\t\t\t\t\t\t\t\t<span>Kas 17, 2023 -<\/span>\n\t\t\t\t\t\t\t\t\t\t<span>May 30, 2024<\/span>\n\t\t\t\t\t\t\t\t\t\t\t\t\t\t\t\t\t<\/div>\n\t\t\t\t\t\t\t\t\t\t\t\t\t<\/div>\n\t\t\t\t\t<\/div>\n\t\t\t\t\t\t\t\t\t<div class=\"post-items ex3_columns\">\n\t\t\t\t\t\t<a href=\"https:\/\/magmasanat.com\/index.php\/exhibition\/1st-international-magma-art-open-call-online-group-exhibition\/?back=ago\" title=\"1st International \u201cMagma Art\u201d Open Call Online Group Exhibition\">\n\t\t\t\t\t\t\t\t\t\t\t\t\t\t\t<img loading=\"lazy\" decoding=\"async\" width=\"690\" height=\"1090\" src=\"https:\/\/magmasanat.com\/wp-content\/uploads\/2023\/11\/AFIS_OPENCALL.jpg\" class=\"attachment-medium_large size-medium_large wp-post-image\" alt=\"\" srcset=\"https:\/\/magmasanat.com\/wp-content\/uploads\/2023\/11\/AFIS_OPENCALL.jpg 690w, https:\/\/magmasanat.com\/wp-content\/uploads\/2023\/11\/AFIS_OPENCALL-190x300.jpg 190w, https:\/\/magmasanat.com\/wp-content\/uploads\/2023\/11\/AFIS_OPENCALL-648x1024.jpg 648w, https:\/\/magmasanat.com\/wp-content\/uploads\/2023\/11\/AFIS_OPENCALL-600x948.jpg 600w\" sizes=\"(max-width: 690px) 100vw, 690px\" \/>\t\t\t\t\t\t\t\t\n\t\t\t\t\t\t<\/a>\n\t\t\t\t\t\t<div class=\"content\">\n\t\t\t\t\t\t\t<h3 class=\"second_font\">\n\t\t\t\t\t\t\t\t<a href=\"https:\/\/magmasanat.com\/index.php\/exhibition\/1st-international-magma-art-open-call-online-group-exhibition\/?back=ago\" title=\"1st International \u201cMagma Art\u201d Open Call Online Group Exhibition\">\n\t\t\t\t\t\t\t\t\t1st International \u201cMagma Art\u201d Open Call Online Group Exhibition\t\t\t\t\t\t\t\t<\/a>\n\t\t\t\t\t\t\t<\/h3>\n\n\t\t\t\t\t\t\t\t\t\t\t\t\t\t\t<div class=\"times\">\n\t\t\t\t\t\t\t\t\t\t\t\t\t\t\t\t\t\t\t<span>Kas 17, 2023 -<\/span>\n\t\t\t\t\t\t\t\t\t\t<span>May 30, 2024<\/span>\n\t\t\t\t\t\t\t\t\t\t\t\t\t\t\t\t\t<\/div>\n\t\t\t\t\t\t\t\t\t\t\t\t\t<\/div>\n\t\t\t\t\t<\/div>\n\t\t\t\t\t\t\t\t\t<div class=\"post-items ex3_columns\">\n\t\t\t\t\t\t<a href=\"https:\/\/magmasanat.com\/index.php\/exhibition\/koru-sanat-calistayi-bolu-koru-hotel\/?back=ago\" title=\"Koru Sanat \u00c7al\u0131\u015ftay\u0131 2023 Karma Sergisi\">\n\t\t\t\t\t\t\t\t\t\t\t\t\t\t\t<img loading=\"lazy\" decoding=\"async\" width=\"768\" height=\"1086\" src=\"https:\/\/magmasanat.com\/wp-content\/uploads\/2023\/10\/CALISTAY_AFISI-1-768x1086.jpg\" class=\"attachment-medium_large size-medium_large wp-post-image\" alt=\"\" srcset=\"https:\/\/magmasanat.com\/wp-content\/uploads\/2023\/10\/CALISTAY_AFISI-1-768x1086.jpg 768w, https:\/\/magmasanat.com\/wp-content\/uploads\/2023\/10\/CALISTAY_AFISI-1-212x300.jpg 212w, https:\/\/magmasanat.com\/wp-content\/uploads\/2023\/10\/CALISTAY_AFISI-1-724x1024.jpg 724w, https:\/\/magmasanat.com\/wp-content\/uploads\/2023\/10\/CALISTAY_AFISI-1-1087x1536.jpg 1087w, https:\/\/magmasanat.com\/wp-content\/uploads\/2023\/10\/CALISTAY_AFISI-1-600x848.jpg 600w, https:\/\/magmasanat.com\/wp-content\/uploads\/2023\/10\/CALISTAY_AFISI-1.jpg 1132w\" sizes=\"(max-width: 768px) 100vw, 768px\" \/>\t\t\t\t\t\t\t\t\n\t\t\t\t\t\t<\/a>\n\t\t\t\t\t\t<div class=\"content\">\n\t\t\t\t\t\t\t<h3 class=\"second_font\">\n\t\t\t\t\t\t\t\t<a href=\"https:\/\/magmasanat.com\/index.php\/exhibition\/koru-sanat-calistayi-bolu-koru-hotel\/?back=ago\" title=\"Koru Sanat \u00c7al\u0131\u015ftay\u0131 2023 Karma Sergisi\">\n\t\t\t\t\t\t\t\t\tKoru Sanat \u00c7al\u0131\u015ftay\u0131 2023 Karma Sergisi\t\t\t\t\t\t\t\t<\/a>\n\t\t\t\t\t\t\t<\/h3>\n\n\t\t\t\t\t\t\t\t\t\t\t\t\t\t\t<div class=\"times\">\n\t\t\t\t\t\t\t\t\t\t\t\t\t\t\t\t\t\t\t<span>Eki 20, 2023 -<\/span>\n\t\t\t\t\t\t\t\t\t\t<span>Ara 22, 2023<\/span>\n\t\t\t\t\t\t\t\t\t\t\t\t\t\t\t\t\t<\/div>\n\t\t\t\t\t\t\t\t\t\t\t\t\t<\/div>\n\t\t\t\t\t<\/div>\n\t\t\t\t\t\t\t\t\t<div class=\"post-items ex3_columns\">\n\t\t\t\t\t\t<a href=\"https:\/\/magmasanat.com\/index.php\/exhibition\/fatih-sen-cevrimici-kisisel-desen-sergisi\/?back=ago\" title=\"FAT\u0130H \u015eEN &#8211; \u00c7EVR\u0130M\u0130\u00c7\u0130 K\u0130\u015e\u0130SEL DESEN SERG\u0130S\u0130\">\n\t\t\t\t\t\t\t\t\t\t\t\t\t\t\t<img loading=\"lazy\" decoding=\"async\" width=\"768\" height=\"1065\" src=\"https:\/\/magmasanat.com\/wp-content\/uploads\/2023\/10\/fatih-sen-sergi-copy-768x1065.jpg\" class=\"attachment-medium_large size-medium_large wp-post-image\" alt=\"\" srcset=\"https:\/\/magmasanat.com\/wp-content\/uploads\/2023\/10\/fatih-sen-sergi-copy-768x1065.jpg 768w, https:\/\/magmasanat.com\/wp-content\/uploads\/2023\/10\/fatih-sen-sergi-copy-216x300.jpg 216w, https:\/\/magmasanat.com\/wp-content\/uploads\/2023\/10\/fatih-sen-sergi-copy-738x1024.jpg 738w, https:\/\/magmasanat.com\/wp-content\/uploads\/2023\/10\/fatih-sen-sergi-copy-600x832.jpg 600w, https:\/\/magmasanat.com\/wp-content\/uploads\/2023\/10\/fatih-sen-sergi-copy.jpg 1093w\" sizes=\"(max-width: 768px) 100vw, 768px\" \/>\t\t\t\t\t\t\t\t\n\t\t\t\t\t\t<\/a>\n\t\t\t\t\t\t<div class=\"content\">\n\t\t\t\t\t\t\t<h3 class=\"second_font\">\n\t\t\t\t\t\t\t\t<a href=\"https:\/\/magmasanat.com\/index.php\/exhibition\/fatih-sen-cevrimici-kisisel-desen-sergisi\/?back=ago\" title=\"FAT\u0130H \u015eEN &#8211; \u00c7EVR\u0130M\u0130\u00c7\u0130 K\u0130\u015e\u0130SEL DESEN SERG\u0130S\u0130\">\n\t\t\t\t\t\t\t\t\tFAT\u0130H \u015eEN &#8211; \u00c7EVR\u0130M\u0130\u00c7\u0130 K\u0130\u015e\u0130SEL DESEN SERG\u0130S\u0130\t\t\t\t\t\t\t\t<\/a>\n\t\t\t\t\t\t\t<\/h3>\n\n\t\t\t\t\t\t\t\t\t\t\t\t\t\t\t<div class=\"times\">\n\t\t\t\t\t\t\t\t\t\t\t\t\t\t\t\t\t\t\t<span>Eki 20, 2023 -<\/span>\n\t\t\t\t\t\t\t\t\t\t<span>Eki 31, 2023<\/span>\n\t\t\t\t\t\t\t\t\t\t\t\t\t\t\t\t\t<\/div>\n\t\t\t\t\t\t\t\t\t\t\t\t\t<\/div>\n\t\t\t\t\t<\/div>\n\t\t\t\t\t\t\t\t\t<div class=\"post-items ex3_columns\">\n\t\t\t\t\t\t<a href=\"https:\/\/magmasanat.com\/index.php\/exhibition\/uluslararasi-davetli-sanatcilar-karma-sergisi\/?back=ago\" title=\"Magma Sanat Uluslararas\u0131 Davetli Sanat\u00e7\u0131lar Karma Sergisi\">\n\t\t\t\t\t\t\t\t\t\t\t\t\t\t\t<img loading=\"lazy\" decoding=\"async\" width=\"690\" height=\"690\" src=\"https:\/\/magmasanat.com\/wp-content\/uploads\/2023\/08\/AFIS_KARE-copy.jpg\" class=\"attachment-medium_large size-medium_large wp-post-image\" alt=\"\" srcset=\"https:\/\/magmasanat.com\/wp-content\/uploads\/2023\/08\/AFIS_KARE-copy.jpg 690w, https:\/\/magmasanat.com\/wp-content\/uploads\/2023\/08\/AFIS_KARE-copy-300x300.jpg 300w, https:\/\/magmasanat.com\/wp-content\/uploads\/2023\/08\/AFIS_KARE-copy-150x150.jpg 150w, https:\/\/magmasanat.com\/wp-content\/uploads\/2023\/08\/AFIS_KARE-copy-600x600.jpg 600w, https:\/\/magmasanat.com\/wp-content\/uploads\/2023\/08\/AFIS_KARE-copy-100x100.jpg 100w\" sizes=\"(max-width: 690px) 100vw, 690px\" \/>\t\t\t\t\t\t\t\t\n\t\t\t\t\t\t<\/a>\n\t\t\t\t\t\t<div class=\"content\">\n\t\t\t\t\t\t\t<h3 class=\"second_font\">\n\t\t\t\t\t\t\t\t<a href=\"https:\/\/magmasanat.com\/index.php\/exhibition\/uluslararasi-davetli-sanatcilar-karma-sergisi\/?back=ago\" title=\"Magma Sanat Uluslararas\u0131 Davetli Sanat\u00e7\u0131lar Karma Sergisi\">\n\t\t\t\t\t\t\t\t\tMagma Sanat Uluslararas\u0131 Davetli Sanat\u00e7\u0131lar Karma Sergisi\t\t\t\t\t\t\t\t<\/a>\n\t\t\t\t\t\t\t<\/h3>\n\n\t\t\t\t\t\t\t\t\t\t\t\t\t\t\t<div class=\"times\">\n\t\t\t\t\t\t\t\t\t\t\t\t\t\t\t\t\t\t\t<span>Eki 06, 2023 -<\/span>\n\t\t\t\t\t\t\t\t\t\t<span>Eki 28, 2023<\/span>\n\t\t\t\t\t\t\t\t\t\t\t\t\t\t\t\t\t<\/div>\n\t\t\t\t\t\t\t\t\t\t\t\t\t<\/div>\n\t\t\t\t\t<\/div>\n\t\t\t\t\t\t\t<\/div>\n\t\t<\/div>\n\t\t\t<\/div>\n\t\t\t\t<\/div>\n\t\t\t\t\t<\/div>\n\t\t<\/div>\n\t\t\t\t\t<\/div>\n\t\t<\/section>\n\t\t\t\t<\/div>\n\t\t","protected":false},"excerpt":{"rendered":"<p>Magma Sanat Alan\u0131 &#8211; Art Space Ge\u00e7mi\u015f Sergiler &#8211; Past Exhibitiions FAT\u0130H \u015eEN &#8211; \u00c7EVR\u0130M\u0130\u00c7\u0130 K\u0130\u015e\u0130SEL DESEN SERG\u0130S\u0130 Eki 20, 2023 &#8211; Eki 31, 2023 Uluslararas\u0131 Davetli Sanat\u00e7\u0131lar Karma Sergisi &#8211; Magma Art International Invited Artists Group Exhibition Eki 06, 2023 &#8211; Eki 28, 2023 Magma Art International Invited Artists Group Exhibition Eki 06, 2023 [&hellip;]<\/p>\n","protected":false},"author":1,"featured_media":0,"parent":0,"menu_order":0,"comment_status":"closed","ping_status":"closed","template":"elementor_header_footer","meta":{"_eb_attr":"","om_disable_all_campaigns":false,"_uag_custom_page_level_css":"","_monsterinsights_skip_tracking":false,"_monsterinsights_sitenote_active":false,"_monsterinsights_sitenote_note":"","_monsterinsights_sitenote_category":0,"footnotes":""},"class_list":["post-4661","page","type-page","status-publish","hentry"],"aioseo_notices":[],"featured_image_src":false,"featured_image_src_square":false,"rbea_author_info":{"display_name":"magmasanat.com","author_link":"https:\/\/magmasanat.com\/index.php\/author\/magmasanat-com\/"},"rbea_excerpt_info":"Magma Sanat Alan\u0131 &#8211; Art Space Ge\u00e7mi\u015f Sergiler &#8211; Past Exhibitiions FAT\u0130H \u015eEN &#8211; \u00c7EVR\u0130M\u0130\u00c7\u0130 K\u0130\u015e\u0130SEL DESEN SERG\u0130S\u0130 Eki 20, 2023 &#8211; Eki 31, 2023 Uluslararas\u0131 Davetli Sanat\u00e7\u0131lar Karma Sergisi &#8211; Magma Art International Invited Artists Group Exhibition Eki 06, 2023 &#8211; Eki 28, 2023 Magma Art International Invited Artists Group Exhibition Eki 06, 2023 [&hellip;]","uagb_featured_image_src":{"full":false,"thumbnail":false,"medium":false,"medium_large":false,"large":false,"1536x1536":false,"2048x2048":false,"woocommerce_thumbnail":false,"woocommerce_single":false,"woocommerce_gallery_thumbnail":false},"uagb_author_info":{"display_name":"magmasanat.com","author_link":"https:\/\/magmasanat.com\/index.php\/author\/magmasanat-com\/"},"uagb_comment_info":0,"uagb_excerpt":"Magma Sanat Alan\u0131 &#8211; Art Space Ge\u00e7mi\u015f Sergiler &#8211; Past Exhibitiions FAT\u0130H \u015eEN &#8211; \u00c7EVR\u0130M\u0130\u00c7\u0130 K\u0130\u015e\u0130SEL DESEN SERG\u0130S\u0130 Eki 20, 2023 &#8211; Eki 31, 2023 Uluslararas\u0131 Davetli Sanat\u00e7\u0131lar Karma Sergisi &#8211; Magma Art International Invited Artists Group Exhibition Eki 06, 2023 &#8211; Eki 28, 2023 Magma Art International Invited Artists Group Exhibition Eki 06, 2023&hellip;","_links":{"self":[{"href":"https:\/\/magmasanat.com\/index.php\/wp-json\/wp\/v2\/pages\/4661","targetHints":{"allow":["GET"]}}],"collection":[{"href":"https:\/\/magmasanat.com\/index.php\/wp-json\/wp\/v2\/pages"}],"about":[{"href":"https:\/\/magmasanat.com\/index.php\/wp-json\/wp\/v2\/types\/page"}],"author":[{"embeddable":true,"href":"https:\/\/magmasanat.com\/index.php\/wp-json\/wp\/v2\/users\/1"}],"replies":[{"embeddable":true,"href":"https:\/\/magmasanat.com\/index.php\/wp-json\/wp\/v2\/comments?post=4661"}],"version-history":[{"count":20,"href":"https:\/\/magmasanat.com\/index.php\/wp-json\/wp\/v2\/pages\/4661\/revisions"}],"predecessor-version":[{"id":6538,"href":"https:\/\/magmasanat.com\/index.php\/wp-json\/wp\/v2\/pages\/4661\/revisions\/6538"}],"wp:attachment":[{"href":"https:\/\/magmasanat.com\/index.php\/wp-json\/wp\/v2\/media?parent=4661"}],"curies":[{"name":"wp","href":"https:\/\/api.w.org\/{rel}","templated":true}]}}