{"id":425,"date":"2019-01-16T08:24:10","date_gmt":"2019-01-16T08:24:10","guid":{"rendered":"https:\/\/demo.ovatheme.com\/muzze\/?page_id=425"},"modified":"2023-11-28T21:11:51","modified_gmt":"2023-11-28T18:11:51","slug":"contact","status":"publish","type":"page","link":"https:\/\/magmasanat.com\/index.php\/contact\/","title":{"rendered":"\u0130leti\u015fim"},"content":{"rendered":"\t\t<div data-elementor-type=\"wp-post\" data-elementor-id=\"425\" class=\"elementor elementor-425\" data-elementor-post-type=\"page\">\n\t\t\t\t\t\t<section class=\"elementor-section elementor-top-section elementor-element elementor-element-54bf4fe elementor-section-full_width elementor-section-height-default elementor-section-height-default\" data-id=\"54bf4fe\" data-element_type=\"section\">\n\t\t\t\t\t\t<div class=\"elementor-container elementor-column-gap-default\">\n\t\t\t\t\t<div class=\"elementor-column elementor-col-100 elementor-top-column elementor-element elementor-element-c566220\" data-id=\"c566220\" data-element_type=\"column\">\n\t\t\t<div class=\"elementor-widget-wrap elementor-element-populated\">\n\t\t\t\t\t\t<div class=\"elementor-element elementor-element-1e0d5f1 elementor-widget elementor-widget-ova_heading_page\" data-id=\"1e0d5f1\" data-element_type=\"widget\" data-widget_type=\"ova_heading_page.default\">\n\t\t\t\t<div class=\"elementor-widget-container\">\n\t\t\t\n\t\t<section class=\"heading-page\" style=\"background-image: url(https:\/\/magmasanat.com\/wp-content\/uploads\/2023\/08\/banner_inner2-copy-scaled.jpg)\" >\n\t\t\t<div class=\"container\">\n\t\t\t\t<div class=\"cta-content\">\n\t\t\t\t\t\t\t\t\t\t\t<h2 class=\"second_font\">\u0130LET\u0130\u015e\u0130M<\/h2>\n\t\t\t\t\t\t\t\t\t\t\n\t\t\t\t<\/div>\n\t\t\t<\/div>\n\t\t<\/section>\n\n\t\t\t<\/div>\n\t\t\t\t<\/div>\n\t\t\t\t\t<\/div>\n\t\t<\/div>\n\t\t\t\t\t<\/div>\n\t\t<\/section>\n\t\t\t\t<section class=\"elementor-section elementor-top-section elementor-element elementor-element-c84f15d elementor-section-boxed elementor-section-height-default elementor-section-height-default\" data-id=\"c84f15d\" data-element_type=\"section\">\n\t\t\t\t\t\t<div class=\"elementor-container elementor-column-gap-default\">\n\t\t\t\t\t<div class=\"elementor-column elementor-col-100 elementor-top-column elementor-element elementor-element-b39b5dd\" data-id=\"b39b5dd\" data-element_type=\"column\">\n\t\t\t<div class=\"elementor-widget-wrap elementor-element-populated\">\n\t\t\t\t\t\t<div class=\"elementor-element elementor-element-11ce12d elementor-widget elementor-widget-ova_heading\" data-id=\"11ce12d\" data-element_type=\"widget\" data-widget_type=\"ova_heading.default\">\n\t\t\t\t<div class=\"elementor-widget-container\">\n\t\t\t\t\t<div class=\"ova_heading\">\n\t\t\t\t\t\t\t<h1 class=\"heading_title second_font\">CONTACT US<\/h1>\n\t\t\t\t\t\t\t\t\t\t<h2 class=\"sub_title second_font\">We are always here to help you, anywhere in the world, so feel free to reach us at any time.<\/h2>\n\t\t\t\t\t<\/div>\n\t\t\t\t<\/div>\n\t\t\t\t<\/div>\n\t\t\t\t<div class=\"elementor-element elementor-element-310b6e1 line-height-32 elementor-widget elementor-widget-text-editor\" data-id=\"310b6e1\" data-element_type=\"widget\" data-widget_type=\"text-editor.default\">\n\t\t\t\t<div class=\"elementor-widget-container\">\n\t\t\t<style>\/*! elementor - v3.23.0 - 10-07-2024 *\/\n.elementor-widget-text-editor.elementor-drop-cap-view-stacked .elementor-drop-cap{background-color:#69727d;color:#fff}.elementor-widget-text-editor.elementor-drop-cap-view-framed .elementor-drop-cap{color:#69727d;border:3px solid;background-color:transparent}.elementor-widget-text-editor:not(.elementor-drop-cap-view-default) .elementor-drop-cap{margin-top:8px}.elementor-widget-text-editor:not(.elementor-drop-cap-view-default) .elementor-drop-cap-letter{width:1em;height:1em}.elementor-widget-text-editor .elementor-drop-cap{float:left;text-align:center;line-height:1;font-size:50px}.elementor-widget-text-editor .elementor-drop-cap-letter{display:inline-block}<\/style>\t\t\t\t<p>D\u00fcnyan\u0131n her yerinde size her zaman yard\u0131mc\u0131 olmak i\u00e7in buraday\u0131z, bu nedenle bize her an ula\u015fmaktan \u00e7ekinmeyin.<\/p>\t\t\t\t\t\t<\/div>\n\t\t\t\t<\/div>\n\t\t\t\t\t<\/div>\n\t\t<\/div>\n\t\t\t\t\t<\/div>\n\t\t<\/section>\n\t\t\t\t<section class=\"elementor-section elementor-top-section elementor-element elementor-element-e58ec9e elementor-section-boxed elementor-section-height-default elementor-section-height-default\" data-id=\"e58ec9e\" data-element_type=\"section\">\n\t\t\t\t\t\t<div class=\"elementor-container elementor-column-gap-default\">\n\t\t\t\t\t<div class=\"elementor-column elementor-col-33 elementor-top-column elementor-element elementor-element-5ab6dec\" data-id=\"5ab6dec\" data-element_type=\"column\">\n\t\t\t<div class=\"elementor-widget-wrap elementor-element-populated\">\n\t\t\t\t\t\t<div class=\"elementor-element elementor-element-ce4e6d4 elementor-widget elementor-widget-ova_info\" data-id=\"ce4e6d4\" data-element_type=\"widget\" data-widget_type=\"ova_info.default\">\n\t\t\t\t<div class=\"elementor-widget-container\">\n\t\t\t\t<div class=\"ova_info\">\n\t\t\t\t\n\t\t\t\t\t<div class=\"ova_info_contact\">\n\t\t\t\t\t\t\t\t\t<h3 class=\"title second_font\">Magma Sanat Alan\u0131<\/h3>\n\t\t\t\t\t\t\t\t\t\t\t\t\t<h4 class=\"sub-title\" >Sanat Etkinlikleri Alan\u0131...<\/h4>\n\t\t\t\t\t\t\t\t<div class=\"info-contact\">\n\t\t\t\t\t\n\t\t\t\t\t\t\t\t\t<\/div>\n\t\t\t<\/div>\n\t\t\t<\/div>\n\t\t\t<\/div>\n\t\t\t\t<\/div>\n\t\t\t\t<div class=\"elementor-element elementor-element-47f3362 elementor-widget elementor-widget-ova_info\" data-id=\"47f3362\" data-element_type=\"widget\" data-widget_type=\"ova_info.default\">\n\t\t\t\t<div class=\"elementor-widget-container\">\n\t\t\t\t<div class=\"ova_info\">\n\t\t\t\t\n\t\t\t\t\t<div class=\"ova_info_contact\">\n\t\t\t\t\t\t\t\t\t<h3 class=\"title second_font\">\u0130leti\u015fim Bilgisi<\/h3>\n\t\t\t\t\t\t\t\t\t\t\t\t\t<h4 class=\"sub-title\" >Magma Sanat Alan\u0131<\/h4>\n\t\t\t\t\t\t\t\t<div class=\"info-contact\">\n\t\t\t\t\t\n\t\t\t\t\t\t\t\t\t\t\t<a class=\"email\" href=\"mailto:info@magmasanat.com\">info@magmasanat.com<\/a>\n\t\t\t\t\t\t\t\t\t<\/div>\n\t\t\t<\/div>\n\t\t\t<\/div>\n\t\t\t<\/div>\n\t\t\t\t<\/div>\n\t\t\t\t<div class=\"elementor-element elementor-element-3320e1d elementor-widget elementor-widget-ova_social\" data-id=\"3320e1d\" data-element_type=\"widget\" data-widget_type=\"ova_social.default\">\n\t\t\t\t<div class=\"elementor-widget-container\">\n\t\t\t\t\t<div class=\"ova_social ova-framework-social-icons-wrapper\">\n\t\t\t\t\t\t\t<h3 class=\"title second_font\">Sosyal Ortamlar<\/h3>\n\t\t\t\t\t\t<div class=\"content\">\n\t\t\t\t\n\t\t\t\t\t\t\t\t\t\t<a class=\"ova-framework-icon ova-framework-social-icon ova-framework-social-icon-instagram\" style=\" color: #fff; background-color: #c8c9cb\" href=\"https:\/\/www.instagram.com\/magmasanatalani\/\" target=\"_blank\">\n\t\t\t\t\t\t<span class=\"ova-framework-screen-only\">Instagram<\/span>\n\t\t\t\t\t\t\t\t\t\t\t\t\t<i aria-hidden=\"true\" class=\"fa fa-instagram\"><\/i>\n\t\t\t\t\t\t\t\t\t\t\t<\/a>\n\t\t\t\t\n\t\t\t\t\t\t\t\t\t\t<a class=\"ova-framework-icon ova-framework-social-icon ova-framework-social-icon-facebook\" style=\" color: #fff; background-color: #c8c9cb\" href=\"https:\/\/www.facebook.com\/profile.php?id=61550624953859\" target=\"_blank\">\n\t\t\t\t\t\t<span class=\"ova-framework-screen-only\">Facebook<\/span>\n\t\t\t\t\t\t\t\t\t\t\t\t\t<i aria-hidden=\"true\" class=\"fa fa-facebook\"><\/i>\n\t\t\t\t\t\t\t\t\t\t\t<\/a>\n\t\t\t\t\n\t\t\t\t\t\t\t\t\t\t<a class=\"ova-framework-icon ova-framework-social-icon ova-framework-social-icon-youtube\" style=\" color: #fff; background-color: #c8c9cb\" href=\"https:\/\/www.youtube.com\/@MagmaSanatAlani\" target=\"_blank\">\n\t\t\t\t\t\t<span class=\"ova-framework-screen-only\">Youtube<\/span>\n\t\t\t\t\t\t\t\t\t\t\t\t\t<i aria-hidden=\"true\" class=\"fa fa-youtube\"><\/i>\n\t\t\t\t\t\t\t\t\t\t\t<\/a>\n\t\t\t\t\n\t\t\t\t\t\t\t\t\t\t<a class=\"ova-framework-icon ova-framework-social-icon ova-framework-social-icon-linkedin\" style=\" color: #fff; background-color: #c8c9cb\" href=\"https:\/\/www.linkedin.com\/in\/magmasanatalan\u0131\/\" target=\"_blank\">\n\t\t\t\t\t\t<span class=\"ova-framework-screen-only\">Linkedin<\/span>\n\t\t\t\t\t\t\t\t\t\t\t\t\t<i aria-hidden=\"true\" class=\"fa fa-linkedin\"><\/i>\n\t\t\t\t\t\t\t\t\t\t\t<\/a>\n\t\t\t\t\t\t\t<\/div>\n\t\t\t<!-- end .content -->\n\t\t<\/div>\n\t\t\t\t<\/div>\n\t\t\t\t<\/div>\n\t\t\t\t\t<\/div>\n\t\t<\/div>\n\t\t\t\t<div class=\"elementor-column elementor-col-66 elementor-top-column elementor-element elementor-element-480cb6b\" data-id=\"480cb6b\" data-element_type=\"column\">\n\t\t\t<div class=\"elementor-widget-wrap\">\n\t\t\t\t\t\t\t<\/div>\n\t\t<\/div>\n\t\t\t\t\t<\/div>\n\t\t<\/section>\n\t\t\t\t<\/div>\n\t\t","protected":false},"excerpt":{"rendered":"<p>\u0130LET\u0130\u015e\u0130M CONTACT US We are always here to help you, anywhere in the world, so feel free to reach us at any time. D\u00fcnyan\u0131n her yerinde size her zaman yard\u0131mc\u0131 olmak i\u00e7in buraday\u0131z, bu nedenle bize her an ula\u015fmaktan \u00e7ekinmeyin. Magma Sanat Alan\u0131 Sanat Etkinlikleri Alan\u0131&#8230; \u0130leti\u015fim Bilgisi Magma Sanat Alan\u0131 info@magmasanat.com Sosyal Ortamlar Instagram [&hellip;]<\/p>\n","protected":false},"author":1,"featured_media":0,"parent":0,"menu_order":0,"comment_status":"closed","ping_status":"closed","template":"elementor_header_footer","meta":{"_eb_attr":"","om_disable_all_campaigns":false,"_uag_custom_page_level_css":"","_monsterinsights_skip_tracking":false,"_monsterinsights_sitenote_active":false,"_monsterinsights_sitenote_note":"","_monsterinsights_sitenote_category":0,"footnotes":""},"class_list":["post-425","page","type-page","status-publish","hentry"],"aioseo_notices":[],"featured_image_src":false,"featured_image_src_square":false,"rbea_author_info":{"display_name":"magmasanat.com","author_link":"https:\/\/magmasanat.com\/index.php\/author\/magmasanat-com\/"},"rbea_excerpt_info":"\u0130LET\u0130\u015e\u0130M CONTACT US We are always here to help you, anywhere in the world, so feel free to reach us at any time. D\u00fcnyan\u0131n her yerinde size her zaman yard\u0131mc\u0131 olmak i\u00e7in buraday\u0131z, bu nedenle bize her an ula\u015fmaktan \u00e7ekinmeyin. Magma Sanat Alan\u0131 Sanat Etkinlikleri Alan\u0131&#8230; \u0130leti\u015fim Bilgisi Magma Sanat Alan\u0131 info@magmasanat.com Sosyal Ortamlar Instagram [&hellip;]","uagb_featured_image_src":{"full":false,"thumbnail":false,"medium":false,"medium_large":false,"large":false,"1536x1536":false,"2048x2048":false,"woocommerce_thumbnail":false,"woocommerce_single":false,"woocommerce_gallery_thumbnail":false},"uagb_author_info":{"display_name":"magmasanat.com","author_link":"https:\/\/magmasanat.com\/index.php\/author\/magmasanat-com\/"},"uagb_comment_info":0,"uagb_excerpt":"\u0130LET\u0130\u015e\u0130M CONTACT US We are always here to help you, anywhere in the world, so feel free to reach us at any time. D\u00fcnyan\u0131n her yerinde size her zaman yard\u0131mc\u0131 olmak i\u00e7in buraday\u0131z, bu nedenle bize her an ula\u015fmaktan \u00e7ekinmeyin. Magma Sanat Alan\u0131 Sanat Etkinlikleri Alan\u0131&#8230; \u0130leti\u015fim Bilgisi Magma Sanat Alan\u0131 info@magmasanat.com Sosyal Ortamlar Instagram&hellip;","_links":{"self":[{"href":"https:\/\/magmasanat.com\/index.php\/wp-json\/wp\/v2\/pages\/425","targetHints":{"allow":["GET"]}}],"collection":[{"href":"https:\/\/magmasanat.com\/index.php\/wp-json\/wp\/v2\/pages"}],"about":[{"href":"https:\/\/magmasanat.com\/index.php\/wp-json\/wp\/v2\/types\/page"}],"author":[{"embeddable":true,"href":"https:\/\/magmasanat.com\/index.php\/wp-json\/wp\/v2\/users\/1"}],"replies":[{"embeddable":true,"href":"https:\/\/magmasanat.com\/index.php\/wp-json\/wp\/v2\/comments?post=425"}],"version-history":[{"count":41,"href":"https:\/\/magmasanat.com\/index.php\/wp-json\/wp\/v2\/pages\/425\/revisions"}],"predecessor-version":[{"id":6683,"href":"https:\/\/magmasanat.com\/index.php\/wp-json\/wp\/v2\/pages\/425\/revisions\/6683"}],"wp:attachment":[{"href":"https:\/\/magmasanat.com\/index.php\/wp-json\/wp\/v2\/media?parent=425"}],"curies":[{"name":"wp","href":"https:\/\/api.w.org\/{rel}","templated":true}]}}