{"id":2469,"date":"2019-01-31T06:28:56","date_gmt":"2019-01-31T06:28:56","guid":{"rendered":"https:\/\/demo.ovatheme.com\/muzze\/?page_id=2469"},"modified":"2023-08-22T12:29:47","modified_gmt":"2023-08-22T09:29:47","slug":"exhibition-modern","status":"publish","type":"page","link":"https:\/\/magmasanat.com\/index.php\/exhibition-modern\/","title":{"rendered":"Exhibition Modern"},"content":{"rendered":"\t\t<div data-elementor-type=\"wp-post\" data-elementor-id=\"2469\" class=\"elementor elementor-2469\" data-elementor-post-type=\"page\">\n\t\t\t\t\t\t<section class=\"elementor-section elementor-top-section elementor-element elementor-element-2fc5e4d elementor-section-full_width elementor-section-height-default elementor-section-height-default\" data-id=\"2fc5e4d\" data-element_type=\"section\">\n\t\t\t\t\t\t<div class=\"elementor-container elementor-column-gap-default\">\n\t\t\t\t\t<div class=\"elementor-column elementor-col-100 elementor-top-column elementor-element elementor-element-3ddf5d0\" data-id=\"3ddf5d0\" data-element_type=\"column\" data-settings=\"{&quot;background_background&quot;:&quot;classic&quot;}\">\n\t\t\t<div class=\"elementor-widget-wrap elementor-element-populated\">\n\t\t\t\t\t\t<div class=\"elementor-element elementor-element-a82ae08 elementor-widget elementor-widget-ova_heading_page\" data-id=\"a82ae08\" data-element_type=\"widget\" data-widget_type=\"ova_heading_page.default\">\n\t\t\t\t<div class=\"elementor-widget-container\">\n\t\t\t\n\t\t<section class=\"heading-page\" style=\"background-image: url(http:\/\/magmasanat.com\/wp-content\/uploads\/2023\/08\/home7_venue_1.jpg)\" >\n\t\t\t<div class=\"container\">\n\t\t\t\t<div class=\"cta-content\">\n\t\t\t\t\t\t\t\t\t\t\t<h2 class=\"second_font\">Sergiler - Exhibitions<\/h2>\n\t\t\t\t\t\t\t\t\t\t\n\t\t\t\t<\/div>\n\t\t\t<\/div>\n\t\t<\/section>\n\n\t\t\t<\/div>\n\t\t\t\t<\/div>\n\t\t\t\t\t<\/div>\n\t\t<\/div>\n\t\t\t\t\t<\/div>\n\t\t<\/section>\n\t\t\t\t<section class=\"elementor-section elementor-top-section elementor-element elementor-element-6d73039 elementor-section-boxed elementor-section-height-default elementor-section-height-default\" data-id=\"6d73039\" data-element_type=\"section\">\n\t\t\t\t\t\t<div class=\"elementor-container elementor-column-gap-default\">\n\t\t\t\t\t<div class=\"elementor-column elementor-col-100 elementor-top-column elementor-element elementor-element-ca349ac\" data-id=\"ca349ac\" data-element_type=\"column\">\n\t\t\t<div class=\"elementor-widget-wrap elementor-element-populated\">\n\t\t\t\t\t\t<div class=\"elementor-element elementor-element-3ff5800 elementor-widget elementor-widget-ova_heading\" data-id=\"3ff5800\" data-element_type=\"widget\" data-widget_type=\"ova_heading.default\">\n\t\t\t\t<div class=\"elementor-widget-container\">\n\t\t\t\t\t<div class=\"ova_heading\">\n\t\t\t\t\t\t\t<h1 class=\"heading_title second_font\">G\u00fcncel Sergiler<\/h1>\n\t\t\t\t\t\t\t\t\t\t<h2 class=\"sub_title second_font\">Magma Sanat Alan\u0131&#039;ndaki \u00e7evrimi\u00e7i sanal sergilere buradan ula\u015fabilirsiniz.<\/h2>\n\t\t\t\t\t<\/div>\n\t\t\t\t<\/div>\n\t\t\t\t<\/div>\n\t\t\t\t\t<\/div>\n\t\t<\/div>\n\t\t\t\t\t<\/div>\n\t\t<\/section>\n\t\t\t\t<section class=\"elementor-section elementor-top-section elementor-element elementor-element-18bc84d elementor-section-boxed elementor-section-height-default elementor-section-height-default\" data-id=\"18bc84d\" data-element_type=\"section\">\n\t\t\t\t\t\t<div class=\"elementor-container elementor-column-gap-default\">\n\t\t\t\t\t<div class=\"elementor-column elementor-col-100 elementor-top-column elementor-element elementor-element-2b1f7cc\" data-id=\"2b1f7cc\" data-element_type=\"column\">\n\t\t\t<div class=\"elementor-widget-wrap elementor-element-populated\">\n\t\t\t\t\t\t<div class=\"elementor-element elementor-element-bf3c0fa elementor-widget elementor-widget-text-editor\" data-id=\"bf3c0fa\" data-element_type=\"widget\" data-widget_type=\"text-editor.default\">\n\t\t\t\t<div class=\"elementor-widget-container\">\n\t\t\t<style>\/*! elementor - v3.23.0 - 10-07-2024 *\/\n.elementor-widget-text-editor.elementor-drop-cap-view-stacked .elementor-drop-cap{background-color:#69727d;color:#fff}.elementor-widget-text-editor.elementor-drop-cap-view-framed .elementor-drop-cap{color:#69727d;border:3px solid;background-color:transparent}.elementor-widget-text-editor:not(.elementor-drop-cap-view-default) .elementor-drop-cap{margin-top:8px}.elementor-widget-text-editor:not(.elementor-drop-cap-view-default) .elementor-drop-cap-letter{width:1em;height:1em}.elementor-widget-text-editor .elementor-drop-cap{float:left;text-align:center;line-height:1;font-size:50px}.elementor-widget-text-editor .elementor-drop-cap-letter{display:inline-block}<\/style>\t\t\t\t<p>You can access the online virtual exhibitions in the Magma Art Space here.<\/p>\t\t\t\t\t\t<\/div>\n\t\t\t\t<\/div>\n\t\t\t\t\t<\/div>\n\t\t<\/div>\n\t\t\t\t\t<\/div>\n\t\t<\/section>\n\t\t\t\t<section class=\"elementor-section elementor-top-section elementor-element elementor-element-14003c5c elementor-section-boxed elementor-section-height-default elementor-section-height-default\" data-id=\"14003c5c\" data-element_type=\"section\">\n\t\t\t\t\t\t<div class=\"elementor-container elementor-column-gap-default\">\n\t\t\t\t\t<div class=\"elementor-column elementor-col-100 elementor-top-column elementor-element elementor-element-c9e7c15\" data-id=\"c9e7c15\" data-element_type=\"column\">\n\t\t\t<div class=\"elementor-widget-wrap elementor-element-populated\">\n\t\t\t\t\t\t<div class=\"elementor-element elementor-element-7484d00 elementor-widget elementor-widget-ovaex_exhibition_ajax\" data-id=\"7484d00\" data-element_type=\"widget\" data-widget_type=\"ovaex_exhibition_ajax.default\">\n\t\t\t\t<div class=\"elementor-widget-container\">\n\t\t\t\n\t\t<div class=\"exhibition_arc\">\n\t\t\t<div class=\"wrap-content element-arc\">\n\t\t\t\t<ul class=\"nav nav-tabs\">\n\t\t\t\t\t<li class=\"nav-item exhibition_tab_item\">\n\t\t\t\t\t\t<a class=\"nav-link active\" \n\t\t\t\t\t\t\thref=\"#current\" \n\t\t\t\t\t\t\trole=\"tab\" \n\t\t\t\t\t\t\tdata-toggle=\"tab\" \n\t\t\t\t\t\t\tdata-behav=\"tab\" \n\t\t\t\t\t\t\tdata-type_action=\"current\" \n\t\t\t\t\t\t\tdata-post=\"exhibition\" \n\t\t\t\t\t\t\tdata-perpage=\"6\" \n\t\t\t\t\t\t\tdata-paged=\"1\" \n\t\t\t\t\t\t\tdata-order-by=\"title\" \n\t\t\t\t\t\t\tdata-order=\"DESC\" \n\t\t\t\t\t\t\tdata-columns=\"ex3_columns\" \n\t\t\t\t\t\t\tdata-upcoming=\"1000\" \n\t\t\t\t\t\t\tdata-categories=\"&quot;&quot;\" \n\t\t\t\t\t\t\tdata-artist=\"\">\n\t\t\t\t\t\t\tcurrent\t\t\t\t\t\t<\/a>\n\t\t\t\t\t<\/li>\n\t\t\t\t\t<li class=\"nav-item exhibition_tab_item\">\n\t\t\t\t\t\t<a class=\"nav-link\" \n\t\t\t\t\t\t\thref=\"#\" \n\t\t\t\t\t\t\trole=\"tab\" \n\t\t\t\t\t\t\tdata-paged=\"1\" \n\t\t\t\t\t\t\tdata-toggle=\"tab\" \n\t\t\t\t\t\t\tdata-behav=\"tab\" \n\t\t\t\t\t\t\tdata-type_action=\"upcoming\" \n\t\t\t\t\t\t\tdata-post=\"exhibition\" \n\t\t\t\t\t\t\tdata-perpage=\"6\" \n\t\t\t\t\t\t\tdata-order-by=\"title\" \n\t\t\t\t\t\t\tdata-order=\"DESC\" \n\t\t\t\t\t\t\tdata-columns=\"ex3_columns\" \n\t\t\t\t\t\t\tdata-upcoming=\"1000\" \n\t\t\t\t\t\t\tdata-categories=\"&quot;&quot;\" \n\t\t\t\t\t\t\tdata-artist=\"\">\n\t\t\t\t\t\t\tupcoming\t\t\t\t\t\t<\/a>\n\t\t\t\t\t<\/li>\n\t\t\t\t\t<li class=\"nav-item exhibition_tab_item\">\n\t\t\t\t\t\t<a class=\"nav-link\" \n\t\t\t\t\t\t\thref=\"#past\" \n\t\t\t\t\t\t\trole=\"tab\" \n\t\t\t\t\t\t\tdata-paged=\"1\" \n\t\t\t\t\t\t\tdata-behav=\"tab\" \n\t\t\t\t\t\t\tdata-toggle=\"tab\" \n\t\t\t\t\t\t\tdata-type_action=\"past\" \n\t\t\t\t\t\t\tdata-post=\"exhibition\" \n\t\t\t\t\t\t\tdata-perpage=\"6\" \n\t\t\t\t\t\t\tdata-order-by=\"title\" \n\t\t\t\t\t\t\tdata-order=\"DESC\" \n\t\t\t\t\t\t\tdata-columns=\"ex3_columns\" \n\t\t\t\t\t\t\tdata-upcoming=\"1000\" \n\t\t\t\t\t\t\tdata-categories=\"&quot;&quot;\" \n\t\t\t\t\t\t\tdata-artist=\"\">\n\t\t\t\t\t\t\tpast\t\t\t\t\t\t<\/a>\n\t\t\t\t\t<\/li>\n\t\t\t\t<\/ul>\n\t\t\t\t<div class=\"tab-content\">\n\t\t\t\t\t\t\t\t\t\t\t<div class=\"post-items ex3_columns\">\n\t\t\t\t\t\t\t<div class=\"img-exhibition\">\n\t\t\t\t\t\t\t\t<a href=\"https:\/\/magmasanat.com\/index.php\/exhibition\/irem-gursu-memory-of-heat-cevrimici-kisisel-gunes-baski-sergisi\/?back=ago\" title=\"\u0130REM G\u00dcRSU &#8211; MEMORY OF HEAT &#8211; \u00c7EVR\u0130M\u0130\u00c7\u0130 K\u0130\u015e\u0130SEL G\u00dcNE\u015e BASKI SERG\u0130S\u0130\">\n\t\t\t\t\t\t\t\t\t<img fetchpriority=\"high\" decoding=\"async\" width=\"1080\" height=\"1350\" src=\"https:\/\/magmasanat.com\/wp-content\/uploads\/2025\/12\/irem-gursu-post-tr.jpg\" class=\"attachment-post-thumbnail size-post-thumbnail wp-post-image\" alt=\"\" srcset=\"https:\/\/magmasanat.com\/wp-content\/uploads\/2025\/12\/irem-gursu-post-tr.jpg 1080w, https:\/\/magmasanat.com\/wp-content\/uploads\/2025\/12\/irem-gursu-post-tr-240x300.jpg 240w, https:\/\/magmasanat.com\/wp-content\/uploads\/2025\/12\/irem-gursu-post-tr-819x1024.jpg 819w, https:\/\/magmasanat.com\/wp-content\/uploads\/2025\/12\/irem-gursu-post-tr-768x960.jpg 768w, https:\/\/magmasanat.com\/wp-content\/uploads\/2025\/12\/irem-gursu-post-tr-600x750.jpg 600w\" sizes=\"(max-width: 1080px) 100vw, 1080px\" \/>\t\t\t\t\t\t\t\t<\/a>\n\t\t\t\t\t\t\t<\/div>\n\t\t\t\t\t\t\t<div class=\"content\">\n\t\t\t\t\t\t\t\t<h3 class=\"second_font\">\n\t\t\t\t\t\t\t\t\t<a href=\"https:\/\/magmasanat.com\/index.php\/exhibition\/irem-gursu-memory-of-heat-cevrimici-kisisel-gunes-baski-sergisi\/?back=ago\" title=\"\u0130REM G\u00dcRSU &#8211; MEMORY OF HEAT &#8211; \u00c7EVR\u0130M\u0130\u00c7\u0130 K\u0130\u015e\u0130SEL G\u00dcNE\u015e BASKI SERG\u0130S\u0130\">\n\t\t\t\t\t\t\t\t\t\t\u0130REM G\u00dcRSU &#8211; MEMORY OF HEAT &#8211; \u00c7EVR\u0130M\u0130\u00c7\u0130 K\u0130\u015e\u0130SEL G\u00dcNE\u015e BASKI SERG\u0130S\u0130\t\t\t\t\t\t\t\t\t<\/a>\n\t\t\t\t\t\t\t\t<\/h3>\n\t\t\t\t\t\t\t\t<div class=\"times\">\n\t\t\t\t\t\t\t\t\t\t\t\t\t\t\t\t\t\t\t<span>Ara 06, 2025 -<\/span>\n\t\t\t\t\t\t\t\t\t\t<span>\u015eub 06, 2029<\/span>\n\t\t\t\t\t\t\t\t\t\t\t\t\t\t\t\t\t<\/div>\n\t\t\t\t\t\t\t<\/div>\n\t\t\t\t\t\t<\/div>\n\t\t\t\t\t\t\t\t\t\t\t<div class=\"post-items ex3_columns\">\n\t\t\t\t\t\t\t<div class=\"img-exhibition\">\n\t\t\t\t\t\t\t\t<a href=\"https:\/\/magmasanat.com\/index.php\/exhibition\/erol-murat-yildiz-retrospektif-cevrimici-baski-resim-sergisi\/?back=ago\" title=\"Erol Murat Y\u0131ld\u0131z &#8211; Retrospektif&#8230; \u00c7evrimi\u00e7i Ki\u015fisel Bask\u0131 Resim Sergisi\">\n\t\t\t\t\t\t\t\t\t<img decoding=\"async\" width=\"1080\" height=\"1080\" src=\"https:\/\/magmasanat.com\/wp-content\/uploads\/2024\/06\/WhatsApp-Image-2024-06-01-at-14.13.50.jpeg\" class=\"attachment-post-thumbnail size-post-thumbnail wp-post-image\" alt=\"\" srcset=\"https:\/\/magmasanat.com\/wp-content\/uploads\/2024\/06\/WhatsApp-Image-2024-06-01-at-14.13.50.jpeg 1080w, https:\/\/magmasanat.com\/wp-content\/uploads\/2024\/06\/WhatsApp-Image-2024-06-01-at-14.13.50-300x300.jpeg 300w, https:\/\/magmasanat.com\/wp-content\/uploads\/2024\/06\/WhatsApp-Image-2024-06-01-at-14.13.50-1024x1024.jpeg 1024w, https:\/\/magmasanat.com\/wp-content\/uploads\/2024\/06\/WhatsApp-Image-2024-06-01-at-14.13.50-150x150.jpeg 150w, https:\/\/magmasanat.com\/wp-content\/uploads\/2024\/06\/WhatsApp-Image-2024-06-01-at-14.13.50-768x768.jpeg 768w, https:\/\/magmasanat.com\/wp-content\/uploads\/2024\/06\/WhatsApp-Image-2024-06-01-at-14.13.50-600x600.jpeg 600w, https:\/\/magmasanat.com\/wp-content\/uploads\/2024\/06\/WhatsApp-Image-2024-06-01-at-14.13.50-100x100.jpeg 100w\" sizes=\"(max-width: 1080px) 100vw, 1080px\" \/>\t\t\t\t\t\t\t\t<\/a>\n\t\t\t\t\t\t\t<\/div>\n\t\t\t\t\t\t\t<div class=\"content\">\n\t\t\t\t\t\t\t\t<h3 class=\"second_font\">\n\t\t\t\t\t\t\t\t\t<a href=\"https:\/\/magmasanat.com\/index.php\/exhibition\/erol-murat-yildiz-retrospektif-cevrimici-baski-resim-sergisi\/?back=ago\" title=\"Erol Murat Y\u0131ld\u0131z &#8211; Retrospektif&#8230; \u00c7evrimi\u00e7i Ki\u015fisel Bask\u0131 Resim Sergisi\">\n\t\t\t\t\t\t\t\t\t\tErol Murat Y\u0131ld\u0131z &#8211; Retrospektif&#8230; \u00c7evrimi\u00e7i Ki\u015fisel Bask\u0131 Resim Sergisi\t\t\t\t\t\t\t\t\t<\/a>\n\t\t\t\t\t\t\t\t<\/h3>\n\t\t\t\t\t\t\t\t<div class=\"times\">\n\t\t\t\t\t\t\t\t\t\t\t\t\t\t\t\t\t\t\t<span>Haz 03, 2024 -<\/span>\n\t\t\t\t\t\t\t\t\t\t<span>Haz 20, 2030<\/span>\n\t\t\t\t\t\t\t\t\t\t\t\t\t\t\t\t\t<\/div>\n\t\t\t\t\t\t\t<\/div>\n\t\t\t\t\t\t<\/div>\n\t\t\t\t\t\t\t\t\t\t\t<div class=\"post-items ex3_columns\">\n\t\t\t\t\t\t\t<div class=\"img-exhibition\">\n\t\t\t\t\t\t\t\t<a href=\"https:\/\/magmasanat.com\/index.php\/exhibition\/dilek-atalar-arketip-cevrimici-kisisel-afis-sergisi\/?back=ago\" title=\"D\u0130LEK ATALAR &#8211; &#8220;ARKET\u0130P&#8221; \u00c7EVR\u0130M\u0130\u00c7\u0130 K\u0130\u015e\u0130SEL AF\u0130\u015e SERG\u0130S\u0130\">\n\t\t\t\t\t\t\t\t\t<img decoding=\"async\" width=\"1080\" height=\"1350\" src=\"https:\/\/magmasanat.com\/wp-content\/uploads\/2026\/04\/DILEK-ATALAR-POST-copy.jpg\" class=\"attachment-post-thumbnail size-post-thumbnail wp-post-image\" alt=\"\" srcset=\"https:\/\/magmasanat.com\/wp-content\/uploads\/2026\/04\/DILEK-ATALAR-POST-copy.jpg 1080w, https:\/\/magmasanat.com\/wp-content\/uploads\/2026\/04\/DILEK-ATALAR-POST-copy-240x300.jpg 240w, https:\/\/magmasanat.com\/wp-content\/uploads\/2026\/04\/DILEK-ATALAR-POST-copy-819x1024.jpg 819w, https:\/\/magmasanat.com\/wp-content\/uploads\/2026\/04\/DILEK-ATALAR-POST-copy-768x960.jpg 768w, https:\/\/magmasanat.com\/wp-content\/uploads\/2026\/04\/DILEK-ATALAR-POST-copy-600x750.jpg 600w\" sizes=\"(max-width: 1080px) 100vw, 1080px\" \/>\t\t\t\t\t\t\t\t<\/a>\n\t\t\t\t\t\t\t<\/div>\n\t\t\t\t\t\t\t<div class=\"content\">\n\t\t\t\t\t\t\t\t<h3 class=\"second_font\">\n\t\t\t\t\t\t\t\t\t<a href=\"https:\/\/magmasanat.com\/index.php\/exhibition\/dilek-atalar-arketip-cevrimici-kisisel-afis-sergisi\/?back=ago\" title=\"D\u0130LEK ATALAR &#8211; &#8220;ARKET\u0130P&#8221; \u00c7EVR\u0130M\u0130\u00c7\u0130 K\u0130\u015e\u0130SEL AF\u0130\u015e SERG\u0130S\u0130\">\n\t\t\t\t\t\t\t\t\t\tD\u0130LEK ATALAR &#8211; &#8220;ARKET\u0130P&#8221; \u00c7EVR\u0130M\u0130\u00c7\u0130 K\u0130\u015e\u0130SEL AF\u0130\u015e SERG\u0130S\u0130\t\t\t\t\t\t\t\t\t<\/a>\n\t\t\t\t\t\t\t\t<\/h3>\n\t\t\t\t\t\t\t\t<div class=\"times\">\n\t\t\t\t\t\t\t\t\t\t\t\t\t\t\t\t\t\t\t<span>Nis 16, 2026 -<\/span>\n\t\t\t\t\t\t\t\t\t\t<span>Nis 30, 2030<\/span>\n\t\t\t\t\t\t\t\t\t\t\t\t\t\t\t\t\t<\/div>\n\t\t\t\t\t\t\t<\/div>\n\t\t\t\t\t\t<\/div>\n\t\t\t\t\t\t\t\t\t\t\t<div class=\"post-items ex3_columns\">\n\t\t\t\t\t\t\t<div class=\"img-exhibition\">\n\t\t\t\t\t\t\t\t<a href=\"https:\/\/magmasanat.com\/index.php\/exhibition\/burcu-gunay-olu-doga-cevrimici-kisisel-sergisi\/?back=ago\" title=\"BURCU G\u00dcNAY &#8211; &#8220;\u00d6L\u00dc DO\u011eA&#8221; \u00c7EVR\u0130M\u0130\u00c7\u0130 K\u0130\u015e\u0130SEL RES\u0130M SERG\u0130S\u0130\">\n\t\t\t\t\t\t\t\t\t<img loading=\"lazy\" decoding=\"async\" width=\"1080\" height=\"1351\" src=\"https:\/\/magmasanat.com\/wp-content\/uploads\/2025\/04\/Burcu-Gunay-copy.jpg\" class=\"attachment-post-thumbnail size-post-thumbnail wp-post-image\" alt=\"\" srcset=\"https:\/\/magmasanat.com\/wp-content\/uploads\/2025\/04\/Burcu-Gunay-copy.jpg 1080w, https:\/\/magmasanat.com\/wp-content\/uploads\/2025\/04\/Burcu-Gunay-copy-240x300.jpg 240w, https:\/\/magmasanat.com\/wp-content\/uploads\/2025\/04\/Burcu-Gunay-copy-819x1024.jpg 819w, https:\/\/magmasanat.com\/wp-content\/uploads\/2025\/04\/Burcu-Gunay-copy-768x961.jpg 768w, https:\/\/magmasanat.com\/wp-content\/uploads\/2025\/04\/Burcu-Gunay-copy-600x751.jpg 600w\" sizes=\"(max-width: 1080px) 100vw, 1080px\" \/>\t\t\t\t\t\t\t\t<\/a>\n\t\t\t\t\t\t\t<\/div>\n\t\t\t\t\t\t\t<div class=\"content\">\n\t\t\t\t\t\t\t\t<h3 class=\"second_font\">\n\t\t\t\t\t\t\t\t\t<a href=\"https:\/\/magmasanat.com\/index.php\/exhibition\/burcu-gunay-olu-doga-cevrimici-kisisel-sergisi\/?back=ago\" title=\"BURCU G\u00dcNAY &#8211; &#8220;\u00d6L\u00dc DO\u011eA&#8221; \u00c7EVR\u0130M\u0130\u00c7\u0130 K\u0130\u015e\u0130SEL RES\u0130M SERG\u0130S\u0130\">\n\t\t\t\t\t\t\t\t\t\tBURCU G\u00dcNAY &#8211; &#8220;\u00d6L\u00dc DO\u011eA&#8221; \u00c7EVR\u0130M\u0130\u00c7\u0130 K\u0130\u015e\u0130SEL RES\u0130M SERG\u0130S\u0130\t\t\t\t\t\t\t\t\t<\/a>\n\t\t\t\t\t\t\t\t<\/h3>\n\t\t\t\t\t\t\t\t<div class=\"times\">\n\t\t\t\t\t\t\t\t\t\t\t\t\t\t\t\t\t\t\t<span>Nis 04, 2025 -<\/span>\n\t\t\t\t\t\t\t\t\t\t<span>Nis 15, 2030<\/span>\n\t\t\t\t\t\t\t\t\t\t\t\t\t\t\t\t\t<\/div>\n\t\t\t\t\t\t\t<\/div>\n\t\t\t\t\t\t<\/div>\n\t\t\t\t\t\t\t\t\t<\/div>           \t\n\t\t\t<\/div>\n\t\t\t<div class=\"ova_more_post\" \n\t\t\t\tdata-behav=\"load\" \n\t\t\t\tdata-type_action=\"current\" \n\t\t\t\tdata-paged=\"2\" \n\t\t\t\tdata-post=\"exhibition\" \n\t\t\t\tdata-perpage=\"6\" \n\t\t\t\tdata-order-by=\"title\" \n\t\t\t\tdata-order=\"DESC\" \n\t\t\t\tdata-columns=\"ex3_columns\" \n\t\t\t\tdata-upcoming=\"1000\" \n\t\t\t\tdata-categories=\"&quot;&quot;\" \n\t\t\t\tdata-artist=\"\">\n\t\t\t\t<span class=\"load-more\">Load More<\/span>\n\t\t\t\t<img decoding=\"async\" class=\"image-loadmore\" src=\"https:\/\/magmasanat.com\/wp-content\/plugins\/ova-exhibition\/\/assets\/img\/loadmore.GIF\" alt=\"loadmore\">\n\t\t\t<\/div>\n\t\t\t<div class=\"ova-nodata\"><span>No Data<\/span><\/div>\n\t\t<\/div>\n\t\t\t<\/div>\n\t\t\t\t<\/div>\n\t\t\t\t\t<\/div>\n\t\t<\/div>\n\t\t\t\t\t<\/div>\n\t\t<\/section>\n\t\t\t\t<\/div>\n\t\t","protected":false},"excerpt":{"rendered":"<p>Sergiler &#8211; Exhibitions G\u00fcncel Sergiler Magma Sanat Alan\u0131&#039;ndaki \u00e7evrimi\u00e7i sanal sergilere buradan ula\u015fabilirsiniz. You can access the online virtual exhibitions in the Magma Art Space here. current upcoming past Demo Sergi Tem 14, 2023 &#8211; Eyl 27, 2023 Load More No Data<\/p>\n","protected":false},"author":1,"featured_media":0,"parent":0,"menu_order":0,"comment_status":"closed","ping_status":"closed","template":"elementor_header_footer","meta":{"_eb_attr":"","om_disable_all_campaigns":false,"_uag_custom_page_level_css":"","_monsterinsights_skip_tracking":false,"_monsterinsights_sitenote_active":false,"_monsterinsights_sitenote_note":"","_monsterinsights_sitenote_category":0,"footnotes":""},"class_list":["post-2469","page","type-page","status-publish","hentry"],"aioseo_notices":[],"featured_image_src":false,"featured_image_src_square":false,"rbea_author_info":{"display_name":"magmasanat.com","author_link":"https:\/\/magmasanat.com\/index.php\/author\/magmasanat-com\/"},"rbea_excerpt_info":"Sergiler &#8211; Exhibitions G\u00fcncel Sergiler Magma Sanat Alan\u0131&#039;ndaki \u00e7evrimi\u00e7i sanal sergilere buradan ula\u015fabilirsiniz. You can access the online virtual exhibitions in the Magma Art Space here. current upcoming past Demo Sergi Tem 14, 2023 &#8211; Eyl 27, 2023 Load More No Data","uagb_featured_image_src":{"full":false,"thumbnail":false,"medium":false,"medium_large":false,"large":false,"1536x1536":false,"2048x2048":false,"woocommerce_thumbnail":false,"woocommerce_single":false,"woocommerce_gallery_thumbnail":false},"uagb_author_info":{"display_name":"magmasanat.com","author_link":"https:\/\/magmasanat.com\/index.php\/author\/magmasanat-com\/"},"uagb_comment_info":0,"uagb_excerpt":"Sergiler &#8211; Exhibitions G\u00fcncel Sergiler Magma Sanat Alan\u0131&#039;ndaki \u00e7evrimi\u00e7i sanal sergilere buradan ula\u015fabilirsiniz. You can access the online virtual exhibitions in the Magma Art Space here. current upcoming past Demo Sergi Tem 14, 2023 &#8211; Eyl 27, 2023 Load More No Data","_links":{"self":[{"href":"https:\/\/magmasanat.com\/index.php\/wp-json\/wp\/v2\/pages\/2469","targetHints":{"allow":["GET"]}}],"collection":[{"href":"https:\/\/magmasanat.com\/index.php\/wp-json\/wp\/v2\/pages"}],"about":[{"href":"https:\/\/magmasanat.com\/index.php\/wp-json\/wp\/v2\/types\/page"}],"author":[{"embeddable":true,"href":"https:\/\/magmasanat.com\/index.php\/wp-json\/wp\/v2\/users\/1"}],"replies":[{"embeddable":true,"href":"https:\/\/magmasanat.com\/index.php\/wp-json\/wp\/v2\/comments?post=2469"}],"version-history":[{"count":20,"href":"https:\/\/magmasanat.com\/index.php\/wp-json\/wp\/v2\/pages\/2469\/revisions"}],"predecessor-version":[{"id":5570,"href":"https:\/\/magmasanat.com\/index.php\/wp-json\/wp\/v2\/pages\/2469\/revisions\/5570"}],"wp:attachment":[{"href":"https:\/\/magmasanat.com\/index.php\/wp-json\/wp\/v2\/media?parent=2469"}],"curies":[{"name":"wp","href":"https:\/\/api.w.org\/{rel}","templated":true}]}}