{"id":133,"date":"2019-01-14T04:25:27","date_gmt":"2019-01-14T04:25:27","guid":{"rendered":"https:\/\/demo.ovatheme.com\/muzze\/?page_id=133"},"modified":"2023-09-01T12:44:03","modified_gmt":"2023-09-01T09:44:03","slug":"about-mission-and-history","status":"publish","type":"page","link":"https:\/\/magmasanat.com\/index.php\/about-mission-and-history\/","title":{"rendered":"Mission and History"},"content":{"rendered":"\t\t<div data-elementor-type=\"wp-post\" data-elementor-id=\"133\" class=\"elementor elementor-133\" data-elementor-post-type=\"page\">\n\t\t\t\t\t\t<section class=\"elementor-section elementor-top-section elementor-element elementor-element-87b6ee7 elementor-section-full_width elementor-section-height-default elementor-section-height-default\" data-id=\"87b6ee7\" data-element_type=\"section\">\n\t\t\t\t\t\t<div class=\"elementor-container elementor-column-gap-default\">\n\t\t\t\t\t<div class=\"elementor-column elementor-col-100 elementor-top-column elementor-element elementor-element-96fa290\" data-id=\"96fa290\" data-element_type=\"column\" data-settings=\"{&quot;background_background&quot;:&quot;classic&quot;}\">\n\t\t\t<div class=\"elementor-widget-wrap elementor-element-populated\">\n\t\t\t\t\t\t<div class=\"elementor-element elementor-element-62bd1ae elementor-widget elementor-widget-ova_heading_page\" data-id=\"62bd1ae\" data-element_type=\"widget\" data-widget_type=\"ova_heading_page.default\">\n\t\t\t\t<div class=\"elementor-widget-container\">\n\t\t\t\n\t\t<section class=\"heading-page\" style=\"background-image: url(https:\/\/demo.ovatheme.com\/muzze\/wp-content\/uploads\/2019\/01\/slide-1.jpg)\" >\n\t\t\t<div class=\"container\">\n\t\t\t\t<div class=\"cta-content\">\n\t\t\t\t\t\t\t\t\t\t\t<h2 class=\"second_font\">Vizyon ve Misyon<\/h2>\n\t\t\t\t\t\t\t\t\t\t\n\t\t\t\t<\/div>\n\t\t\t<\/div>\n\t\t<\/section>\n\n\t\t\t<\/div>\n\t\t\t\t<\/div>\n\t\t\t\t\t<\/div>\n\t\t<\/div>\n\t\t\t\t\t<\/div>\n\t\t<\/section>\n\t\t\t\t<section class=\"elementor-section elementor-top-section elementor-element elementor-element-ac5a5bd elementor-section-boxed elementor-section-height-default elementor-section-height-default\" data-id=\"ac5a5bd\" data-element_type=\"section\">\n\t\t\t\t\t\t<div class=\"elementor-container elementor-column-gap-default\">\n\t\t\t\t\t<div class=\"elementor-column elementor-col-100 elementor-top-column elementor-element elementor-element-d4501c6\" data-id=\"d4501c6\" data-element_type=\"column\">\n\t\t\t<div class=\"elementor-widget-wrap elementor-element-populated\">\n\t\t\t\t\t\t<div class=\"elementor-element elementor-element-8d4591e elementor-widget elementor-widget-ova_heading\" data-id=\"8d4591e\" data-element_type=\"widget\" data-widget_type=\"ova_heading.default\">\n\t\t\t\t<div class=\"elementor-widget-container\">\n\t\t\t\t\t<div class=\"ova_heading\">\n\t\t\t\t\t\t\t<h1 class=\"heading_title second_font\">Vizyon<\/h1>\n\t\t\t\t\t\t\t\t<\/div>\n\t\t\t\t<\/div>\n\t\t\t\t<\/div>\n\t\t\t\t\t<\/div>\n\t\t<\/div>\n\t\t\t\t\t<\/div>\n\t\t<\/section>\n\t\t\t\t<section class=\"elementor-section elementor-top-section elementor-element elementor-element-fad91eb elementor-section-boxed elementor-section-height-default elementor-section-height-default\" data-id=\"fad91eb\" data-element_type=\"section\">\n\t\t\t\t\t\t<div class=\"elementor-container elementor-column-gap-default\">\n\t\t\t\t\t<div class=\"elementor-column elementor-col-100 elementor-top-column elementor-element elementor-element-e538cb2\" data-id=\"e538cb2\" data-element_type=\"column\">\n\t\t\t<div class=\"elementor-widget-wrap elementor-element-populated\">\n\t\t\t\t\t\t<div class=\"elementor-element elementor-element-87b1892 line-height-32 elementor-widget elementor-widget-text-editor\" data-id=\"87b1892\" data-element_type=\"widget\" data-widget_type=\"text-editor.default\">\n\t\t\t\t<div class=\"elementor-widget-container\">\n\t\t\t<style>\/*! elementor - v3.23.0 - 10-07-2024 *\/\n.elementor-widget-text-editor.elementor-drop-cap-view-stacked .elementor-drop-cap{background-color:#69727d;color:#fff}.elementor-widget-text-editor.elementor-drop-cap-view-framed .elementor-drop-cap{color:#69727d;border:3px solid;background-color:transparent}.elementor-widget-text-editor:not(.elementor-drop-cap-view-default) .elementor-drop-cap{margin-top:8px}.elementor-widget-text-editor:not(.elementor-drop-cap-view-default) .elementor-drop-cap-letter{width:1em;height:1em}.elementor-widget-text-editor .elementor-drop-cap{float:left;text-align:center;line-height:1;font-size:50px}.elementor-widget-text-editor .elementor-drop-cap-letter{display:inline-block}<\/style>\t\t\t\t<div><p class=\"body\">Magma Sanat Alan\u0131, \u00e7a\u011fda\u015f sanat\u0131 ke\u015ffetmek ve desteklemek amac\u0131yla kurulan bir sanatsal etkinlik alan\u0131d\u0131r. Vizyonumuz, sanat\u0131n g\u00fcc\u00fcn\u00fc kayna\u011f\u0131ndan de\u011ferlendirerek k\u00fclt\u00fcrel fark\u0131ndal\u0131k yaratmak ve sanat\u00e7\u0131lar\u0131n uluslararas\u0131 platformlarda kendilerini tan\u0131tmalar\u0131d\u0131r. Yarat\u0131c\u0131 ve yenilik\u00e7i bir yakla\u015f\u0131mla, sanatseverlere \u00e7e\u015fitli sergiler, etkinlikler ve yay\u0131nlar sunuyoruz. Sanat\u0131n her t\u00fcrl\u00fc ifade bi\u00e7imine yer vererek, farkl\u0131 k\u00fclt\u00fcrler aras\u0131nda etkile\u015fimi ve anla\u015f\u0131lma oran\u0131n\u0131 art\u0131rmay\u0131 hedefliyoruz. Magma Sanat Alan\u0131 olarak, sanat\u0131n g\u00fcc\u00fcn\u00fc hissettiren ve ilham veren bir atmosfer yaratmay\u0131 ama\u00e7l\u0131yoruz. Sanatseverleri, yeni ke\u015fiflere ve sanat\u0131n derinliklerine estetik bir yolculu\u011fa davet ediyoruz.<\/p><\/div>\t\t\t\t\t\t<\/div>\n\t\t\t\t<\/div>\n\t\t\t\t<div class=\"elementor-element elementor-element-4930f5f elementor-widget-divider--view-line elementor-widget elementor-widget-divider\" data-id=\"4930f5f\" data-element_type=\"widget\" data-widget_type=\"divider.default\">\n\t\t\t\t<div class=\"elementor-widget-container\">\n\t\t\t<style>\/*! elementor - v3.23.0 - 10-07-2024 *\/\n.elementor-widget-divider{--divider-border-style:none;--divider-border-width:1px;--divider-color:#0c0d0e;--divider-icon-size:20px;--divider-element-spacing:10px;--divider-pattern-height:24px;--divider-pattern-size:20px;--divider-pattern-url:none;--divider-pattern-repeat:repeat-x}.elementor-widget-divider .elementor-divider{display:flex}.elementor-widget-divider .elementor-divider__text{font-size:15px;line-height:1;max-width:95%}.elementor-widget-divider .elementor-divider__element{margin:0 var(--divider-element-spacing);flex-shrink:0}.elementor-widget-divider .elementor-icon{font-size:var(--divider-icon-size)}.elementor-widget-divider .elementor-divider-separator{display:flex;margin:0;direction:ltr}.elementor-widget-divider--view-line_icon .elementor-divider-separator,.elementor-widget-divider--view-line_text .elementor-divider-separator{align-items:center}.elementor-widget-divider--view-line_icon .elementor-divider-separator:after,.elementor-widget-divider--view-line_icon .elementor-divider-separator:before,.elementor-widget-divider--view-line_text .elementor-divider-separator:after,.elementor-widget-divider--view-line_text .elementor-divider-separator:before{display:block;content:\"\";border-block-end:0;flex-grow:1;border-block-start:var(--divider-border-width) var(--divider-border-style) var(--divider-color)}.elementor-widget-divider--element-align-left .elementor-divider .elementor-divider-separator>.elementor-divider__svg:first-of-type{flex-grow:0;flex-shrink:100}.elementor-widget-divider--element-align-left .elementor-divider-separator:before{content:none}.elementor-widget-divider--element-align-left .elementor-divider__element{margin-left:0}.elementor-widget-divider--element-align-right .elementor-divider .elementor-divider-separator>.elementor-divider__svg:last-of-type{flex-grow:0;flex-shrink:100}.elementor-widget-divider--element-align-right .elementor-divider-separator:after{content:none}.elementor-widget-divider--element-align-right .elementor-divider__element{margin-right:0}.elementor-widget-divider--element-align-start .elementor-divider .elementor-divider-separator>.elementor-divider__svg:first-of-type{flex-grow:0;flex-shrink:100}.elementor-widget-divider--element-align-start .elementor-divider-separator:before{content:none}.elementor-widget-divider--element-align-start .elementor-divider__element{margin-inline-start:0}.elementor-widget-divider--element-align-end .elementor-divider .elementor-divider-separator>.elementor-divider__svg:last-of-type{flex-grow:0;flex-shrink:100}.elementor-widget-divider--element-align-end .elementor-divider-separator:after{content:none}.elementor-widget-divider--element-align-end .elementor-divider__element{margin-inline-end:0}.elementor-widget-divider:not(.elementor-widget-divider--view-line_text):not(.elementor-widget-divider--view-line_icon) .elementor-divider-separator{border-block-start:var(--divider-border-width) var(--divider-border-style) var(--divider-color)}.elementor-widget-divider--separator-type-pattern{--divider-border-style:none}.elementor-widget-divider--separator-type-pattern.elementor-widget-divider--view-line .elementor-divider-separator,.elementor-widget-divider--separator-type-pattern:not(.elementor-widget-divider--view-line) .elementor-divider-separator:after,.elementor-widget-divider--separator-type-pattern:not(.elementor-widget-divider--view-line) .elementor-divider-separator:before,.elementor-widget-divider--separator-type-pattern:not([class*=elementor-widget-divider--view]) .elementor-divider-separator{width:100%;min-height:var(--divider-pattern-height);-webkit-mask-size:var(--divider-pattern-size) 100%;mask-size:var(--divider-pattern-size) 100%;-webkit-mask-repeat:var(--divider-pattern-repeat);mask-repeat:var(--divider-pattern-repeat);background-color:var(--divider-color);-webkit-mask-image:var(--divider-pattern-url);mask-image:var(--divider-pattern-url)}.elementor-widget-divider--no-spacing{--divider-pattern-size:auto}.elementor-widget-divider--bg-round{--divider-pattern-repeat:round}.rtl .elementor-widget-divider .elementor-divider__text{direction:rtl}.e-con-inner>.elementor-widget-divider,.e-con>.elementor-widget-divider{width:var(--container-widget-width,100%);--flex-grow:var(--container-widget-flex-grow)}<\/style>\t\t<div class=\"elementor-divider\">\n\t\t\t<span class=\"elementor-divider-separator\">\n\t\t\t\t\t\t<\/span>\n\t\t<\/div>\n\t\t\t\t<\/div>\n\t\t\t\t<\/div>\n\t\t\t\t\t<\/div>\n\t\t<\/div>\n\t\t\t\t\t<\/div>\n\t\t<\/section>\n\t\t\t\t<section class=\"elementor-section elementor-top-section elementor-element elementor-element-98f2cf5 elementor-section-boxed elementor-section-height-default elementor-section-height-default\" data-id=\"98f2cf5\" data-element_type=\"section\">\n\t\t\t\t\t\t<div class=\"elementor-container elementor-column-gap-default\">\n\t\t\t\t\t<div class=\"elementor-column elementor-col-100 elementor-top-column elementor-element elementor-element-336ce0f\" data-id=\"336ce0f\" data-element_type=\"column\">\n\t\t\t<div class=\"elementor-widget-wrap elementor-element-populated\">\n\t\t\t\t\t\t<div class=\"elementor-element elementor-element-4bc558c elementor-widget elementor-widget-ova_heading\" data-id=\"4bc558c\" data-element_type=\"widget\" data-widget_type=\"ova_heading.default\">\n\t\t\t\t<div class=\"elementor-widget-container\">\n\t\t\t\t\t<div class=\"ova_heading\">\n\t\t\t\t\t\t\t<h1 class=\"heading_title second_font\">Misyon<\/h1>\n\t\t\t\t\t\t\t\t<\/div>\n\t\t\t\t<\/div>\n\t\t\t\t<\/div>\n\t\t\t\t\t<\/div>\n\t\t<\/div>\n\t\t\t\t\t<\/div>\n\t\t<\/section>\n\t\t\t\t<section class=\"elementor-section elementor-top-section elementor-element elementor-element-af74bef elementor-section-boxed elementor-section-height-default elementor-section-height-default\" data-id=\"af74bef\" data-element_type=\"section\">\n\t\t\t\t\t\t<div class=\"elementor-container elementor-column-gap-default\">\n\t\t\t\t\t<div class=\"elementor-column elementor-col-100 elementor-top-column elementor-element elementor-element-9a42278\" data-id=\"9a42278\" data-element_type=\"column\">\n\t\t\t<div class=\"elementor-widget-wrap elementor-element-populated\">\n\t\t\t\t\t\t<div class=\"elementor-element elementor-element-6d6a820 line-height-32 elementor-widget elementor-widget-text-editor\" data-id=\"6d6a820\" data-element_type=\"widget\" data-widget_type=\"text-editor.default\">\n\t\t\t\t<div class=\"elementor-widget-container\">\n\t\t\t\t\t\t\t<div><p class=\"body\">Magma Sanat Alan\u0131 olarak misyonumuz, sanat\u0131n g\u00fcc\u00fcn\u00fc toplumun her kesimine yaymak ve insanlar\u0131n sanatla etkile\u015fim kurmalar\u0131n\u0131 sa\u011flamakt\u0131r. \u00c7e\u015fitli sanat eserlerini sergileyerek, sanat\u0131n farkl\u0131 disiplinlerini ve ifade bi\u00e7imlerini ke\u015ffetmelerine olanak tan\u0131yoruz. Sanat\u0131n yarat\u0131c\u0131, d\u00fc\u015f\u00fcnd\u00fcr\u00fcc\u00fc ve duygusal bir deneyim oldu\u011funa inan\u0131yoruz ve bu deneyimi ziyaret\u00e7ilerimize sunmay\u0131 hedefliyoruz. Ayr\u0131ca, yerel sanat\u00e7\u0131lar\u0131 destekleyerek, sanat\u0131n yerel k\u00fclt\u00fcre olan katk\u0131s\u0131n\u0131 ve de\u011ferini uluslararas\u0131 alanlara ta\u015f\u0131yarak daha g\u00f6r\u00fcn\u00fcr olmalar\u0131n\u0131 istiyoruz. Sanat alan\u0131m\u0131zda d\u00fczenledi\u011fimiz etkinliklerle, sanatseverleri bir araya getiriyor ve sanatla ilgili g\u00f6rsel etkile\u015fimi te\u015fvik ediyoruz. T\u00fcm bunlar\u0131 yaparken, sanat\u0131n evrenselli\u011fine vurgu ile internet ortam\u0131nda t\u00fcm d\u00fcnyaya <span style=\"font-family: var( --e-global-typography-text-font-family ), Sans-serif; letter-spacing: 0.2px;\">yay\u0131l\u0131mc\u0131 bir etki alan\u0131 olu\u015fmas\u0131n\u0131 sa\u011flamak i\u00e7in \u00e7al\u0131\u015f\u0131yoruz.<\/span><\/p><\/div>\t\t\t\t\t\t<\/div>\n\t\t\t\t<\/div>\n\t\t\t\t<div class=\"elementor-element elementor-element-b09dea7 elementor-widget-divider--view-line elementor-widget elementor-widget-divider\" data-id=\"b09dea7\" data-element_type=\"widget\" data-widget_type=\"divider.default\">\n\t\t\t\t<div class=\"elementor-widget-container\">\n\t\t\t\t\t<div class=\"elementor-divider\">\n\t\t\t<span class=\"elementor-divider-separator\">\n\t\t\t\t\t\t<\/span>\n\t\t<\/div>\n\t\t\t\t<\/div>\n\t\t\t\t<\/div>\n\t\t\t\t\t<\/div>\n\t\t<\/div>\n\t\t\t\t\t<\/div>\n\t\t<\/section>\n\t\t\t\t<\/div>\n\t\t","protected":false},"excerpt":{"rendered":"<p>Vizyon ve Misyon Vizyon Magma Sanat Alan\u0131, \u00e7a\u011fda\u015f sanat\u0131 ke\u015ffetmek ve desteklemek amac\u0131yla kurulan bir sanatsal etkinlik alan\u0131d\u0131r. Vizyonumuz, sanat\u0131n g\u00fcc\u00fcn\u00fc kayna\u011f\u0131ndan de\u011ferlendirerek k\u00fclt\u00fcrel fark\u0131ndal\u0131k yaratmak ve sanat\u00e7\u0131lar\u0131n uluslararas\u0131 platformlarda kendilerini tan\u0131tmalar\u0131d\u0131r. Yarat\u0131c\u0131 ve yenilik\u00e7i bir yakla\u015f\u0131mla, sanatseverlere \u00e7e\u015fitli sergiler, etkinlikler ve yay\u0131nlar sunuyoruz. Sanat\u0131n her t\u00fcrl\u00fc ifade bi\u00e7imine yer vererek, farkl\u0131 k\u00fclt\u00fcrler aras\u0131nda etkile\u015fimi [&hellip;]<\/p>\n","protected":false},"author":1,"featured_media":0,"parent":0,"menu_order":0,"comment_status":"closed","ping_status":"closed","template":"elementor_header_footer","meta":{"_eb_attr":"","om_disable_all_campaigns":false,"_uag_custom_page_level_css":"","_monsterinsights_skip_tracking":false,"_monsterinsights_sitenote_active":false,"_monsterinsights_sitenote_note":"","_monsterinsights_sitenote_category":0,"footnotes":""},"class_list":["post-133","page","type-page","status-publish","hentry"],"aioseo_notices":[],"featured_image_src":false,"featured_image_src_square":false,"rbea_author_info":{"display_name":"magmasanat.com","author_link":"https:\/\/magmasanat.com\/index.php\/author\/magmasanat-com\/"},"rbea_excerpt_info":"Vizyon ve Misyon Vizyon Magma Sanat Alan\u0131, \u00e7a\u011fda\u015f sanat\u0131 ke\u015ffetmek ve desteklemek amac\u0131yla kurulan bir sanatsal etkinlik alan\u0131d\u0131r. Vizyonumuz, sanat\u0131n g\u00fcc\u00fcn\u00fc kayna\u011f\u0131ndan de\u011ferlendirerek k\u00fclt\u00fcrel fark\u0131ndal\u0131k yaratmak ve sanat\u00e7\u0131lar\u0131n uluslararas\u0131 platformlarda kendilerini tan\u0131tmalar\u0131d\u0131r. Yarat\u0131c\u0131 ve yenilik\u00e7i bir yakla\u015f\u0131mla, sanatseverlere \u00e7e\u015fitli sergiler, etkinlikler ve yay\u0131nlar sunuyoruz. Sanat\u0131n her t\u00fcrl\u00fc ifade bi\u00e7imine yer vererek, farkl\u0131 k\u00fclt\u00fcrler aras\u0131nda etkile\u015fimi [&hellip;]","uagb_featured_image_src":{"full":false,"thumbnail":false,"medium":false,"medium_large":false,"large":false,"1536x1536":false,"2048x2048":false,"woocommerce_thumbnail":false,"woocommerce_single":false,"woocommerce_gallery_thumbnail":false},"uagb_author_info":{"display_name":"magmasanat.com","author_link":"https:\/\/magmasanat.com\/index.php\/author\/magmasanat-com\/"},"uagb_comment_info":0,"uagb_excerpt":"Vizyon ve Misyon Vizyon Magma Sanat Alan\u0131, \u00e7a\u011fda\u015f sanat\u0131 ke\u015ffetmek ve desteklemek amac\u0131yla kurulan bir sanatsal etkinlik alan\u0131d\u0131r. Vizyonumuz, sanat\u0131n g\u00fcc\u00fcn\u00fc kayna\u011f\u0131ndan de\u011ferlendirerek k\u00fclt\u00fcrel fark\u0131ndal\u0131k yaratmak ve sanat\u00e7\u0131lar\u0131n uluslararas\u0131 platformlarda kendilerini tan\u0131tmalar\u0131d\u0131r. Yarat\u0131c\u0131 ve yenilik\u00e7i bir yakla\u015f\u0131mla, sanatseverlere \u00e7e\u015fitli sergiler, etkinlikler ve yay\u0131nlar sunuyoruz. Sanat\u0131n her t\u00fcrl\u00fc ifade bi\u00e7imine yer vererek, farkl\u0131 k\u00fclt\u00fcrler aras\u0131nda etkile\u015fimi&hellip;","_links":{"self":[{"href":"https:\/\/magmasanat.com\/index.php\/wp-json\/wp\/v2\/pages\/133","targetHints":{"allow":["GET"]}}],"collection":[{"href":"https:\/\/magmasanat.com\/index.php\/wp-json\/wp\/v2\/pages"}],"about":[{"href":"https:\/\/magmasanat.com\/index.php\/wp-json\/wp\/v2\/types\/page"}],"author":[{"embeddable":true,"href":"https:\/\/magmasanat.com\/index.php\/wp-json\/wp\/v2\/users\/1"}],"replies":[{"embeddable":true,"href":"https:\/\/magmasanat.com\/index.php\/wp-json\/wp\/v2\/comments?post=133"}],"version-history":[{"count":25,"href":"https:\/\/magmasanat.com\/index.php\/wp-json\/wp\/v2\/pages\/133\/revisions"}],"predecessor-version":[{"id":5703,"href":"https:\/\/magmasanat.com\/index.php\/wp-json\/wp\/v2\/pages\/133\/revisions\/5703"}],"wp:attachment":[{"href":"https:\/\/magmasanat.com\/index.php\/wp-json\/wp\/v2\/media?parent=133"}],"curies":[{"name":"wp","href":"https:\/\/api.w.org\/{rel}","templated":true}]}}